{"id":1948,"date":"2026-01-31T20:33:17","date_gmt":"2026-01-31T19:33:17","guid":{"rendered":"https:\/\/cultiverletre.org\/fr\/?page_id=1948"},"modified":"2026-01-31T20:40:58","modified_gmt":"2026-01-31T19:40:58","slug":"infos","status":"publish","type":"page","link":"https:\/\/cultiverletre.org\/fr\/infos\/","title":{"rendered":"Infos"},"content":{"rendered":"\t\t<div data-elementor-type=\"wp-page\" data-elementor-id=\"1948\" class=\"elementor elementor-1948\">\n\t\t\t\t<div class=\"elementor-element elementor-element-63b95287 e-flex e-con-boxed e-con e-parent\" data-id=\"63b95287\" data-element_type=\"container\" data-settings=\"{&quot;background_background&quot;:&quot;classic&quot;}\">\n\t\t\t\t\t<div class=\"e-con-inner\">\n\t\t<div class=\"elementor-element elementor-element-6a1cd20a e-con-full e-flex e-con e-child\" data-id=\"6a1cd20a\" data-element_type=\"container\">\n\t\t\t\t<div class=\"elementor-element elementor-element-7036f8c2 elementor-widget elementor-widget-heading\" data-id=\"7036f8c2\" data-element_type=\"widget\" data-widget_type=\"heading.default\">\n\t\t\t\t<div class=\"elementor-widget-container\">\n\t\t\t\t\t<h2 class=\"elementor-heading-title elementor-size-default\">Que votre vie soit lumineuse et merveilleuse !<\/h2>\t\t\t\t<\/div>\n\t\t\t\t<\/div>\n\t\t\t\t<div class=\"elementor-element elementor-element-8276109 elementor-widget elementor-widget-button\" data-id=\"8276109\" data-element_type=\"widget\" data-widget_type=\"button.default\">\n\t\t\t\t<div class=\"elementor-widget-container\">\n\t\t\t\t\t\t\t\t\t<div class=\"elementor-button-wrapper\">\n\t\t\t\t\t<a class=\"elementor-button elementor-button-link elementor-size-sm\" href=\"https:\/\/drive.google.com\/file\/d\/1ZJUpBDjzGhDEmxPwTT4MmmIoWNiVCi06\/view?usp=sharing\">\n\t\t\t\t\t\t<span class=\"elementor-button-content-wrapper\">\n\t\t\t\t\t\t\t\t\t<span class=\"elementor-button-text\">Programme 2026<\/span>\n\t\t\t\t\t<\/span>\n\t\t\t\t\t<\/a>\n\t\t\t\t<\/div>\n\t\t\t\t\t\t\t\t<\/div>\n\t\t\t\t<\/div>\n\t\t\t\t<\/div>\n\t\t\t\t\t<\/div>\n\t\t\t\t<\/div>\n\t\t<div class=\"elementor-element elementor-element-61a2a5c9 e-flex e-con-boxed e-con e-parent\" data-id=\"61a2a5c9\" data-element_type=\"container\">\n\t\t\t\t\t<div class=\"e-con-inner\">\n\t\t<div class=\"elementor-element elementor-element-2e9f9713 e-grid e-con-full e-con e-child\" data-id=\"2e9f9713\" data-element_type=\"container\">\n\t\t\t\t<div class=\"elementor-element elementor-element-68e6ac1f elementor-widget elementor-widget-text-editor\" data-id=\"68e6ac1f\" data-element_type=\"widget\" data-widget_type=\"text-editor.default\">\n\t\t\t\t<div class=\"elementor-widget-container\">\n\t\t\t\t\t\t\t\t\t<p>Fond\u00e9e par <strong>Marie L\u00e9onard<\/strong> (Mimy pour les proches) le 13 f\u00e9vrier 2001, l\u2019association a \u00e9t\u00e9 marqu\u00e9e en juillet 2024 par le d\u00e9c\u00e8s de sa fondatrice. Elle a mis tout son c\u0153ur \u00e0 transmettre des savoirs et \u00e0 encourager le d\u00e9veloppement personnel \u00e0 travers conf\u00e9rences et ateliers. Son souhait le plus cher \u00e9tait que cette cha\u00eene de transmission perdure.<\/p>\t\t\t\t\t\t\t\t<\/div>\n\t\t\t\t<\/div>\n\t\t\t\t<div class=\"elementor-element elementor-element-20ec14d5 elementor-widget elementor-widget-n-accordion\" data-id=\"20ec14d5\" data-element_type=\"widget\" data-settings=\"{&quot;default_state&quot;:&quot;expanded&quot;,&quot;max_items_expended&quot;:&quot;one&quot;,&quot;n_accordion_animation_duration&quot;:{&quot;unit&quot;:&quot;ms&quot;,&quot;size&quot;:400,&quot;sizes&quot;:[]}}\" data-widget_type=\"nested-accordion.default\">\n\t\t\t\t<div class=\"elementor-widget-container\">\n\t\t\t\t\t\t\t<div class=\"e-n-accordion\" aria-label=\"Accordion. Open links with Enter or Space, close with Escape, and navigate with Arrow Keys\">\n\t\t\t\t\t\t<details id=\"e-n-accordion-item-5520\" class=\"e-n-accordion-item\" open>\n\t\t\t\t<summary class=\"e-n-accordion-item-title\" data-accordion-index=\"1\" tabindex=\"0\" aria-expanded=\"true\" aria-controls=\"e-n-accordion-item-5520\" >\n\t\t\t\t\t<span class='e-n-accordion-item-title-header'><div class=\"e-n-accordion-item-title-text\"> Objet <\/div><\/span>\n\t\t\t\t\t\t\t<span class='e-n-accordion-item-title-icon'>\n\t\t\t<span class='e-opened' ><svg aria-hidden=\"true\" class=\"e-font-icon-svg e-fas-minus\" viewBox=\"0 0 448 512\" xmlns=\"http:\/\/www.w3.org\/2000\/svg\"><path d=\"M416 208H32c-17.67 0-32 14.33-32 32v32c0 17.67 14.33 32 32 32h384c17.67 0 32-14.33 32-32v-32c0-17.67-14.33-32-32-32z\"><\/path><\/svg><\/span>\n\t\t\t<span class='e-closed'><svg aria-hidden=\"true\" class=\"e-font-icon-svg e-fas-plus\" viewBox=\"0 0 448 512\" xmlns=\"http:\/\/www.w3.org\/2000\/svg\"><path d=\"M416 208H272V64c0-17.67-14.33-32-32-32h-32c-17.67 0-32 14.33-32 32v144H32c-17.67 0-32 14.33-32 32v32c0 17.67 14.33 32 32 32h144v144c0 17.67 14.33 32 32 32h32c17.67 0 32-14.33 32-32V304h144c17.67 0 32-14.33 32-32v-32c0-17.67-14.33-32-32-32z\"><\/path><\/svg><\/span>\n\t\t<\/span>\n\n\t\t\t\t\t\t<\/summary>\n\t\t\t\t<div role=\"region\" aria-labelledby=\"e-n-accordion-item-5520\" class=\"elementor-element elementor-element-75c1bbee e-con-full e-flex e-con e-child\" data-id=\"75c1bbee\" data-element_type=\"container\">\n\t\t\t\t<div class=\"elementor-element elementor-element-4dce9da1 elementor-widget elementor-widget-text-editor\" data-id=\"4dce9da1\" data-element_type=\"widget\" data-widget_type=\"text-editor.default\">\n\t\t\t\t<div class=\"elementor-widget-container\">\n\t\t\t\t\t\t\t\t\t<p><em>L\u2019association a pour objet de favoriser le d\u00e9veloppement personnel, la connaissance de soi, le bien-\u00eatre global et l\u2019ouverture de la conscience, \u00e0 travers une approche humaine, artistique, philosophique et int\u00e9rieure.<\/em><br \/><em>Elle soutient une vision globale et les facettes multiples de l\u2019\u00eatre humain en cultivant les dimensions corporelles, \u00e9motionnelles, mentales et spirituelles.<\/em><\/p><p><em>Pour concr\u00e9tiser sa mission, l\u2019association propose des activit\u00e9s accessibles \u00e0 toutes et tous : conf\u00e9rences, ateliers, stages, s\u00e9minaires, formations, retraites, voyages, \u00e9dition et diffusion de contenus \u00e9crits et audiovisuels.<\/em><\/p><p><em>Ces activit\u00e9s portent sur des th\u00e9matiques telles que la pleine conscience, la gestion du stress, la pr\u00e9sence \u00e0 soi, l\u2019hygi\u00e8ne de vie, le bien-\u00eatre mental et physique, la spiritualit\u00e9 active et l\u2019engagement citoyen.<\/em><\/p><p><em>L\u2019association vise \u00e0 cr\u00e9er des espaces bienveillants, ouverts au dialogue et \u00e0 l\u2019exploration int\u00e9rieure, posant les bases d\u2019une communaut\u00e9 solidaire et consciente. Elle agit dans le respect des traditions et des connaissances, en lien avec les enjeux actuels de soci\u00e9t\u00e9.<\/em><\/p><p><em>Les opinions exprim\u00e9es lors des \u00e9v\u00e9nements organis\u00e9s par l\u2019association n\u2019engagent que leurs auteurs.<\/em><\/p><p><em>L\u2019association n\u2019appartient \u00e0 aucun mouvement politique et n\u2019adh\u00e8re \u00e0 aucune tendance religieuse.<\/em><\/p>\t\t\t\t\t\t\t\t<\/div>\n\t\t\t\t<\/div>\n\t\t\t\t<\/div>\n\t\t\t\t\t<\/details>\n\t\t\t\t\t<\/div>\n\t\t\t\t\t\t<\/div>\n\t\t\t\t<\/div>\n\t\t\t\t<\/div>\n\t\t\t\t\t<\/div>\n\t\t\t\t<\/div>\n\t\t<div class=\"elementor-element elementor-element-600ae0b0 e-grid e-con-boxed e-con e-parent\" data-id=\"600ae0b0\" data-element_type=\"container\">\n\t\t\t\t\t<div class=\"e-con-inner\">\n\t\t\t\t<div class=\"elementor-element elementor-element-3d527bba elementor-widget elementor-widget-text-editor\" data-id=\"3d527bba\" data-element_type=\"widget\" data-widget_type=\"text-editor.default\">\n\t\t\t\t<div class=\"elementor-widget-container\">\n\t\t\t\t\t\t\t\t\t<h5><span style=\"color: #339966;\"><strong>Nos objectifs<\/strong><\/span><\/h5><ul><li>Honorer l\u2019h\u00e9ritage de notre fondatrice en poursuivant l\u2019organisation de conf\u00e9rences et ateliers.<\/li><li>Inviter des sp\u00e9cialistes inspirants, parfois peu connus au Luxembourg, afin de partager leurs savoirs et exp\u00e9riences.<\/li><li>Encourager l\u2019\u00e9change, la r\u00e9flexion et la convivialit\u00e9 entre personnes int\u00e9ress\u00e9es par la croissance int\u00e9rieure et l\u2019ouverture au monde.<\/li><\/ul><h5><span style=\"color: #339966;\"><strong>Comment nous soutenir ?<\/strong><\/span><\/h5><ul><li><strong>Devenir membre<\/strong> : la cotisation annuelle est de 20 \u20ac.<\/li><li><strong>Faire un don<\/strong> : toute contribution, m\u00eame modeste, aide l\u2019association \u00e0 poursuivre ses activit\u00e9s.<ul><li>Compte : <em>Cultiver l\u2019\u00catre asbl<\/em><\/li><li>IBAN : LU24 1111 1916 0025 0000<\/li><li>BIC : CCPLLULL<\/li><\/ul><\/li><\/ul>\t\t\t\t\t\t\t\t<\/div>\n\t\t\t\t<\/div>\n\t\t\t\t<div class=\"elementor-element elementor-element-1981ce48 elementor-widget elementor-widget-text-editor\" data-id=\"1981ce48\" data-element_type=\"widget\" data-widget_type=\"text-editor.default\">\n\t\t\t\t<div class=\"elementor-widget-container\">\n\t\t\t\t\t\t\t\t\t<h5><span style=\"color: #339966;\"><strong>Rejoindre l\u2019\u00e9quipe<\/strong><\/span><\/h5>\n<p>Nous recherchons des personnes motiv\u00e9es pour renforcer le <strong>conseil d\u2019administration<\/strong> (secr\u00e9tariat, organisation, comptabilit\u00e9, etc.). Chacun peut trouver sa place selon ses comp\u00e9tences et envies.<\/p>\n<h5><span style=\"color: #339966;\"><strong>Et demain ?<\/strong><\/span><\/h5>\n<p>Nous souhaitons inviter des intervenants passionnants issus de divers horizons. Vos id\u00e9es et propositions sont les bienvenues afin de b\u00e2tir un programme qui vous inspire et vous ressemble.<\/p>\n<h5><span style=\"color: #339966;\"><strong>Contactez-nous !<\/strong><\/span><\/h5>\n<p>T\u00e9l: +352 621 762 440<br>contact@cultiverletre.org<br>www.cultiverletre.org<\/p>\t\t\t\t\t\t\t\t<\/div>\n\t\t\t\t<\/div>\n\t\t\t\t\t<\/div>\n\t\t\t\t<\/div>\n\t\t\t\t<\/div>\n\t\t","protected":false},"excerpt":{"rendered":"<p>Que votre vie soit lumineuse et merveilleuse ! Programme 2026 Fond\u00e9e par Marie L\u00e9onard (Mimy pour les proches) le 13 [&hellip;]<\/p>\n","protected":false},"author":1,"featured_media":0,"parent":0,"menu_order":0,"comment_status":"closed","ping_status":"closed","template":"","meta":{"site-sidebar-layout":"no-sidebar","site-content-layout":"","ast-site-content-layout":"full-width-container","site-content-style":"default","site-sidebar-style":"default","ast-global-header-display":"","ast-banner-title-visibility":"","ast-main-header-display":"","ast-hfb-above-header-display":"","ast-hfb-below-header-display":"","ast-hfb-mobile-header-display":"","site-post-title":"","ast-breadcrumbs-content":"","ast-featured-img":"disabled","footer-sml-layout":"","theme-transparent-header-meta":"","adv-header-id-meta":"","stick-header-meta":"","header-above-stick-meta":"","header-main-stick-meta":"","header-below-stick-meta":"","astra-migrate-meta-layouts":"default","ast-page-background-enabled":"default","ast-page-background-meta":{"desktop":{"background-color":"var(--ast-global-color-4)","background-image":"","background-repeat":"repeat","background-position":"center center","background-size":"auto","background-attachment":"scroll","background-type":"","background-media":"","overlay-type":"","overlay-color":"","overlay-opacity":"","overlay-gradient":""},"tablet":{"background-color":"","background-image":"","background-repeat":"repeat","background-position":"center center","background-size":"auto","background-attachment":"scroll","background-type":"","background-media":"","overlay-type":"","overlay-color":"","overlay-opacity":"","overlay-gradient":""},"mobile":{"background-color":"","background-image":"","background-repeat":"repeat","background-position":"center center","background-size":"auto","background-attachment":"scroll","background-type":"","background-media":"","overlay-type":"","overlay-color":"","overlay-opacity":"","overlay-gradient":""}},"ast-content-background-meta":{"desktop":{"background-color":"var(--ast-global-color-5)","background-image":"","background-repeat":"repeat","background-position":"center center","background-size":"auto","background-attachment":"scroll","background-type":"","background-media":"","overlay-type":"","overlay-color":"","overlay-opacity":"","overlay-gradient":""},"tablet":{"background-color":"var(--ast-global-color-5)","background-image":"","background-repeat":"repeat","background-position":"center center","background-size":"auto","background-attachment":"scroll","background-type":"","background-media":"","overlay-type":"","overlay-color":"","overlay-opacity":"","overlay-gradient":""},"mobile":{"background-color":"var(--ast-global-color-5)","background-image":"","background-repeat":"repeat","background-position":"center center","background-size":"auto","background-attachment":"scroll","background-type":"","background-media":"","overlay-type":"","overlay-color":"","overlay-opacity":"","overlay-gradient":""}},"footnotes":""},"class_list":["post-1948","page","type-page","status-publish","hentry"],"yoast_head":"<!-- This site is optimized with the Yoast SEO plugin v26.0 - https:\/\/yoast.com\/wordpress\/plugins\/seo\/ -->\n<title>Infos - Cultiver l&#039;\u00eatre asbl<\/title>\n<meta name=\"robots\" content=\"index, follow, max-snippet:-1, max-image-preview:large, max-video-preview:-1\" \/>\n<link rel=\"canonical\" href=\"https:\/\/cultiverletre.org\/fr\/infos\/\" \/>\n<meta property=\"og:locale\" content=\"fr_FR\" \/>\n<meta property=\"og:type\" content=\"article\" \/>\n<meta property=\"og:title\" content=\"Infos - Cultiver l&#039;\u00eatre asbl\" \/>\n<meta property=\"og:description\" content=\"Que votre vie soit lumineuse et merveilleuse ! Programme 2026 Fond\u00e9e par Marie L\u00e9onard (Mimy pour les proches) le 13 [&hellip;]\" \/>\n<meta property=\"og:url\" content=\"https:\/\/cultiverletre.org\/fr\/infos\/\" \/>\n<meta property=\"og:site_name\" content=\"Cultiver l&#039;\u00eatre asbl\" \/>\n<meta property=\"article:modified_time\" content=\"2026-01-31T19:40:58+00:00\" \/>\n<meta name=\"twitter:card\" content=\"summary_large_image\" \/>\n<meta name=\"twitter:label1\" content=\"Dur\u00e9e de lecture estim\u00e9e\" \/>\n\t<meta name=\"twitter:data1\" content=\"3 minutes\" \/>\n<script type=\"application\/ld+json\" class=\"yoast-schema-graph\">{\"@context\":\"https:\/\/schema.org\",\"@graph\":[{\"@type\":\"WebPage\",\"@id\":\"https:\/\/cultiverletre.org\/fr\/infos\/\",\"url\":\"https:\/\/cultiverletre.org\/fr\/infos\/\",\"name\":\"Infos - Cultiver l&#039;\u00eatre asbl\",\"isPartOf\":{\"@id\":\"https:\/\/cultiverletre.org\/fr\/#website\"},\"datePublished\":\"2026-01-31T19:33:17+00:00\",\"dateModified\":\"2026-01-31T19:40:58+00:00\",\"breadcrumb\":{\"@id\":\"https:\/\/cultiverletre.org\/fr\/infos\/#breadcrumb\"},\"inLanguage\":\"fr-FR\",\"potentialAction\":[{\"@type\":\"ReadAction\",\"target\":[\"https:\/\/cultiverletre.org\/fr\/infos\/\"]}]},{\"@type\":\"BreadcrumbList\",\"@id\":\"https:\/\/cultiverletre.org\/fr\/infos\/#breadcrumb\",\"itemListElement\":[{\"@type\":\"ListItem\",\"position\":1,\"name\":\"Accueil\",\"item\":\"https:\/\/cultiverletre.org\/fr\/\"},{\"@type\":\"ListItem\",\"position\":2,\"name\":\"Infos\"}]},{\"@type\":\"WebSite\",\"@id\":\"https:\/\/cultiverletre.org\/fr\/#website\",\"url\":\"https:\/\/cultiverletre.org\/fr\/\",\"name\":\"Cultiver l&#039;\u00eatre asbl\",\"description\":\"\",\"publisher\":{\"@id\":\"https:\/\/cultiverletre.org\/fr\/#organization\"},\"potentialAction\":[{\"@type\":\"SearchAction\",\"target\":{\"@type\":\"EntryPoint\",\"urlTemplate\":\"https:\/\/cultiverletre.org\/fr\/?s={search_term_string}\"},\"query-input\":{\"@type\":\"PropertyValueSpecification\",\"valueRequired\":true,\"valueName\":\"search_term_string\"}}],\"inLanguage\":\"fr-FR\"},{\"@type\":\"Organization\",\"@id\":\"https:\/\/cultiverletre.org\/fr\/#organization\",\"name\":\"Cultiver l&#039;\u00eatre asbl\",\"url\":\"https:\/\/cultiverletre.org\/fr\/\",\"logo\":{\"@type\":\"ImageObject\",\"inLanguage\":\"fr-FR\",\"@id\":\"https:\/\/cultiverletre.org\/fr\/#\/schema\/logo\/image\/\",\"url\":\"https:\/\/cultiverletre.org\/fr\/wp-content\/uploads\/2025\/03\/cropped-LogoCE_2017_31x20mm.png\",\"contentUrl\":\"https:\/\/cultiverletre.org\/fr\/wp-content\/uploads\/2025\/03\/cropped-LogoCE_2017_31x20mm.png\",\"width\":181,\"height\":125,\"caption\":\"Cultiver l&#039;\u00eatre asbl\"},\"image\":{\"@id\":\"https:\/\/cultiverletre.org\/fr\/#\/schema\/logo\/image\/\"}}]}<\/script>\n<!-- \/ Yoast SEO plugin. -->","yoast_head_json":{"title":"Infos - Cultiver l&#039;\u00eatre asbl","robots":{"index":"index","follow":"follow","max-snippet":"max-snippet:-1","max-image-preview":"max-image-preview:large","max-video-preview":"max-video-preview:-1"},"canonical":"https:\/\/cultiverletre.org\/fr\/infos\/","og_locale":"fr_FR","og_type":"article","og_title":"Infos - Cultiver l&#039;\u00eatre asbl","og_description":"Que votre vie soit lumineuse et merveilleuse ! Programme 2026 Fond\u00e9e par Marie L\u00e9onard (Mimy pour les proches) le 13 [&hellip;]","og_url":"https:\/\/cultiverletre.org\/fr\/infos\/","og_site_name":"Cultiver l&#039;\u00eatre asbl","article_modified_time":"2026-01-31T19:40:58+00:00","twitter_card":"summary_large_image","twitter_misc":{"Dur\u00e9e de lecture estim\u00e9e":"3 minutes"},"schema":{"@context":"https:\/\/schema.org","@graph":[{"@type":"WebPage","@id":"https:\/\/cultiverletre.org\/fr\/infos\/","url":"https:\/\/cultiverletre.org\/fr\/infos\/","name":"Infos - Cultiver l&#039;\u00eatre asbl","isPartOf":{"@id":"https:\/\/cultiverletre.org\/fr\/#website"},"datePublished":"2026-01-31T19:33:17+00:00","dateModified":"2026-01-31T19:40:58+00:00","breadcrumb":{"@id":"https:\/\/cultiverletre.org\/fr\/infos\/#breadcrumb"},"inLanguage":"fr-FR","potentialAction":[{"@type":"ReadAction","target":["https:\/\/cultiverletre.org\/fr\/infos\/"]}]},{"@type":"BreadcrumbList","@id":"https:\/\/cultiverletre.org\/fr\/infos\/#breadcrumb","itemListElement":[{"@type":"ListItem","position":1,"name":"Accueil","item":"https:\/\/cultiverletre.org\/fr\/"},{"@type":"ListItem","position":2,"name":"Infos"}]},{"@type":"WebSite","@id":"https:\/\/cultiverletre.org\/fr\/#website","url":"https:\/\/cultiverletre.org\/fr\/","name":"Cultiver l&#039;\u00eatre asbl","description":"","publisher":{"@id":"https:\/\/cultiverletre.org\/fr\/#organization"},"potentialAction":[{"@type":"SearchAction","target":{"@type":"EntryPoint","urlTemplate":"https:\/\/cultiverletre.org\/fr\/?s={search_term_string}"},"query-input":{"@type":"PropertyValueSpecification","valueRequired":true,"valueName":"search_term_string"}}],"inLanguage":"fr-FR"},{"@type":"Organization","@id":"https:\/\/cultiverletre.org\/fr\/#organization","name":"Cultiver l&#039;\u00eatre asbl","url":"https:\/\/cultiverletre.org\/fr\/","logo":{"@type":"ImageObject","inLanguage":"fr-FR","@id":"https:\/\/cultiverletre.org\/fr\/#\/schema\/logo\/image\/","url":"https:\/\/cultiverletre.org\/fr\/wp-content\/uploads\/2025\/03\/cropped-LogoCE_2017_31x20mm.png","contentUrl":"https:\/\/cultiverletre.org\/fr\/wp-content\/uploads\/2025\/03\/cropped-LogoCE_2017_31x20mm.png","width":181,"height":125,"caption":"Cultiver l&#039;\u00eatre asbl"},"image":{"@id":"https:\/\/cultiverletre.org\/fr\/#\/schema\/logo\/image\/"}}]}},"_links":{"self":[{"href":"https:\/\/cultiverletre.org\/fr\/wp-json\/wp\/v2\/pages\/1948","targetHints":{"allow":["GET"]}}],"collection":[{"href":"https:\/\/cultiverletre.org\/fr\/wp-json\/wp\/v2\/pages"}],"about":[{"href":"https:\/\/cultiverletre.org\/fr\/wp-json\/wp\/v2\/types\/page"}],"author":[{"embeddable":true,"href":"https:\/\/cultiverletre.org\/fr\/wp-json\/wp\/v2\/users\/1"}],"replies":[{"embeddable":true,"href":"https:\/\/cultiverletre.org\/fr\/wp-json\/wp\/v2\/comments?post=1948"}],"version-history":[{"count":8,"href":"https:\/\/cultiverletre.org\/fr\/wp-json\/wp\/v2\/pages\/1948\/revisions"}],"predecessor-version":[{"id":1966,"href":"https:\/\/cultiverletre.org\/fr\/wp-json\/wp\/v2\/pages\/1948\/revisions\/1966"}],"wp:attachment":[{"href":"https:\/\/cultiverletre.org\/fr\/wp-json\/wp\/v2\/media?parent=1948"}],"curies":[{"name":"wp","href":"https:\/\/api.w.org\/{rel}","templated":true}]}}