{"id":32,"date":"2025-03-10T19:51:44","date_gmt":"2025-03-10T18:51:44","guid":{"rendered":"https:\/\/cultiverletre.org\/fr\/contact-2\/"},"modified":"2025-10-27T12:02:51","modified_gmt":"2025-10-27T11:02:51","slug":"devenir-membre","status":"publish","type":"page","link":"https:\/\/cultiverletre.org\/fr\/devenir-membre\/","title":{"rendered":"Devenir membre"},"content":{"rendered":"\t\t<div data-elementor-type=\"wp-page\" data-elementor-id=\"32\" class=\"elementor elementor-32\">\n\t\t\t\t<div class=\"elementor-element elementor-element-5db735f5 e-flex e-con-boxed e-con e-parent\" data-id=\"5db735f5\" data-element_type=\"container\">\n\t\t\t\t\t<div class=\"e-con-inner\">\n\t\t<div class=\"elementor-element elementor-element-637f22f e-con-full e-flex e-con e-child\" data-id=\"637f22f\" data-element_type=\"container\">\n\t\t\t\t<div class=\"elementor-element elementor-element-71d1522c elementor-widget elementor-widget-heading\" data-id=\"71d1522c\" data-element_type=\"widget\" data-widget_type=\"heading.default\">\n\t\t\t\t<div class=\"elementor-widget-container\">\n\t\t\t\t\t<h2 class=\"elementor-heading-title elementor-size-default\">Pour toujours faire mieux ensemble ...<\/h2>\t\t\t\t<\/div>\n\t\t\t\t<\/div>\n\t\t\t\t<div class=\"elementor-element elementor-element-196eaaa elementor-widget-divider--view-line elementor-widget elementor-widget-divider\" data-id=\"196eaaa\" data-element_type=\"widget\" data-widget_type=\"divider.default\">\n\t\t\t\t<div class=\"elementor-widget-container\">\n\t\t\t\t\t\t\t<div class=\"elementor-divider\">\n\t\t\t<span class=\"elementor-divider-separator\">\n\t\t\t\t\t\t<\/span>\n\t\t<\/div>\n\t\t\t\t\t\t<\/div>\n\t\t\t\t<\/div>\n\t\t\t\t<div class=\"elementor-element elementor-element-4872bcb elementor-widget elementor-widget-heading\" data-id=\"4872bcb\" data-element_type=\"widget\" data-widget_type=\"heading.default\">\n\t\t\t\t<div class=\"elementor-widget-container\">\n\t\t\t\t\t<h3 class=\"elementor-heading-title elementor-size-default\">Devenez-membre !<\/h3>\t\t\t\t<\/div>\n\t\t\t\t<\/div>\n\t\t\t\t<div class=\"elementor-element elementor-element-39da0226 elementor-widget elementor-widget-text-editor\" data-id=\"39da0226\" data-element_type=\"widget\" data-widget_type=\"text-editor.default\">\n\t\t\t\t<div class=\"elementor-widget-container\">\n\t\t\t\t\t\t\t\t\t<p>Merci d\u2019avance pour votre soutien en tant que membre (cotisation annuelle de 20\u20ac) ou donateur (toute somme, m\u00eame minime, est la bienvenue accompagn\u00e9e d&rsquo;un mail avec vos coordonn\u00e9es).<\/p>\t\t\t\t\t\t\t\t<\/div>\n\t\t\t\t<\/div>\n\t\t\t\t<div class=\"elementor-element elementor-element-0ed513a elementor-widget elementor-widget-text-editor\" data-id=\"0ed513a\" data-element_type=\"widget\" data-widget_type=\"text-editor.default\">\n\t\t\t\t<div class=\"elementor-widget-container\">\n\t\t\t\t\t\t\t\t\t<p><strong>Compte de Cultiver l\u2019Etre asbl<br \/>IBAN LU 24 1111 1916 0025 0000 <br \/>Code BIC: CCPLLUL<\/strong><\/p>\t\t\t\t\t\t\t\t<\/div>\n\t\t\t\t<\/div>\n\t\t\t\t<\/div>\n\t\t<div class=\"elementor-element elementor-element-37b4fd44 e-con-full e-flex e-con e-child\" data-id=\"37b4fd44\" data-element_type=\"container\">\n\t\t\t\t<div class=\"elementor-element elementor-element-7c8d7982 elementor-widget elementor-widget-image\" data-id=\"7c8d7982\" data-element_type=\"widget\" data-widget_type=\"image.default\">\n\t\t\t\t<div class=\"elementor-widget-container\">\n\t\t\t\t\t\t\t\t\t\t\t\t\t\t\t<img fetchpriority=\"high\" decoding=\"async\" width=\"1280\" height=\"1280\" src=\"https:\/\/cultiverletre.org\/fr\/wp-content\/uploads\/2025\/09\/team-7042052_1280.jpg\" class=\"attachment-full size-full wp-image-1733\" alt=\"\" \/>\t\t\t\t\t\t\t\t\t\t\t\t\t\t\t<\/div>\n\t\t\t\t<\/div>\n\t\t\t\t<\/div>\n\t\t\t\t\t<\/div>\n\t\t\t\t<\/div>\n\t\t\t\t<\/div>\n\t\t","protected":false},"excerpt":{"rendered":"<p>Pour toujours faire mieux ensemble &#8230; Devenez-membre ! Merci d\u2019avance pour votre soutien en tant que membre (cotisation annuelle de [&hellip;]<\/p>\n","protected":false},"author":1,"featured_media":0,"parent":0,"menu_order":0,"comment_status":"closed","ping_status":"closed","template":"","meta":{"site-sidebar-layout":"no-sidebar","site-content-layout":"","ast-site-content-layout":"full-width-container","site-content-style":"default","site-sidebar-style":"default","ast-global-header-display":"","ast-banner-title-visibility":"","ast-main-header-display":"","ast-hfb-above-header-display":"","ast-hfb-below-header-display":"","ast-hfb-mobile-header-display":"","site-post-title":"disabled","ast-breadcrumbs-content":"","ast-featured-img":"disabled","footer-sml-layout":"","theme-transparent-header-meta":"","adv-header-id-meta":"","stick-header-meta":"","header-above-stick-meta":"","header-main-stick-meta":"","header-below-stick-meta":"","astra-migrate-meta-layouts":"default","ast-page-background-enabled":"default","ast-page-background-meta":{"desktop":{"background-color":"var(--ast-global-color-4)","background-image":"","background-repeat":"repeat","background-position":"center center","background-size":"auto","background-attachment":"scroll","background-type":"","background-media":"","overlay-type":"","overlay-color":"","overlay-opacity":"","overlay-gradient":""},"tablet":{"background-color":"","background-image":"","background-repeat":"repeat","background-position":"center center","background-size":"auto","background-attachment":"scroll","background-type":"","background-media":"","overlay-type":"","overlay-color":"","overlay-opacity":"","overlay-gradient":""},"mobile":{"background-color":"","background-image":"","background-repeat":"repeat","background-position":"center center","background-size":"auto","background-attachment":"scroll","background-type":"","background-media":"","overlay-type":"","overlay-color":"","overlay-opacity":"","overlay-gradient":""}},"ast-content-background-meta":{"desktop":{"background-color":"var(--ast-global-color-5)","background-image":"","background-repeat":"repeat","background-position":"center center","background-size":"auto","background-attachment":"scroll","background-type":"","background-media":"","overlay-type":"","overlay-color":"","overlay-opacity":"","overlay-gradient":""},"tablet":{"background-color":"var(--ast-global-color-5)","background-image":"","background-repeat":"repeat","background-position":"center center","background-size":"auto","background-attachment":"scroll","background-type":"","background-media":"","overlay-type":"","overlay-color":"","overlay-opacity":"","overlay-gradient":""},"mobile":{"background-color":"var(--ast-global-color-5)","background-image":"","background-repeat":"repeat","background-position":"center center","background-size":"auto","background-attachment":"scroll","background-type":"","background-media":"","overlay-type":"","overlay-color":"","overlay-opacity":"","overlay-gradient":""}},"footnotes":""},"class_list":["post-32","page","type-page","status-publish","hentry"],"yoast_head":"<!-- This site is optimized with the Yoast SEO plugin v26.0 - https:\/\/yoast.com\/wordpress\/plugins\/seo\/ -->\n<title>Devenir membre - Cultiver l&#039;\u00eatre asbl<\/title>\n<meta name=\"robots\" content=\"index, follow, max-snippet:-1, max-image-preview:large, max-video-preview:-1\" \/>\n<link rel=\"canonical\" href=\"https:\/\/cultiverletre.org\/fr\/devenir-membre\/\" \/>\n<meta property=\"og:locale\" content=\"fr_FR\" \/>\n<meta property=\"og:type\" content=\"article\" \/>\n<meta property=\"og:title\" content=\"Devenir membre - Cultiver l&#039;\u00eatre asbl\" \/>\n<meta property=\"og:description\" content=\"Pour toujours faire mieux ensemble &#8230; Devenez-membre ! Merci d\u2019avance pour votre soutien en tant que membre (cotisation annuelle de [&hellip;]\" \/>\n<meta property=\"og:url\" content=\"https:\/\/cultiverletre.org\/fr\/devenir-membre\/\" \/>\n<meta property=\"og:site_name\" content=\"Cultiver l&#039;\u00eatre asbl\" \/>\n<meta property=\"article:modified_time\" content=\"2025-10-27T11:02:51+00:00\" \/>\n<meta property=\"og:image\" content=\"https:\/\/cultiverletre.org\/fr\/wp-content\/uploads\/2025\/09\/team-7042052_1280.jpg\" \/>\n\t<meta property=\"og:image:width\" content=\"1280\" \/>\n\t<meta property=\"og:image:height\" content=\"1280\" \/>\n\t<meta property=\"og:image:type\" content=\"image\/jpeg\" \/>\n<meta name=\"twitter:card\" content=\"summary_large_image\" \/>\n<meta name=\"twitter:label1\" content=\"Dur\u00e9e de lecture estim\u00e9e\" \/>\n\t<meta name=\"twitter:data1\" content=\"1 minute\" \/>\n<script type=\"application\/ld+json\" class=\"yoast-schema-graph\">{\"@context\":\"https:\/\/schema.org\",\"@graph\":[{\"@type\":\"WebPage\",\"@id\":\"https:\/\/cultiverletre.org\/fr\/devenir-membre\/\",\"url\":\"https:\/\/cultiverletre.org\/fr\/devenir-membre\/\",\"name\":\"Devenir membre - Cultiver l&#039;\u00eatre asbl\",\"isPartOf\":{\"@id\":\"https:\/\/cultiverletre.org\/fr\/#website\"},\"primaryImageOfPage\":{\"@id\":\"https:\/\/cultiverletre.org\/fr\/devenir-membre\/#primaryimage\"},\"image\":{\"@id\":\"https:\/\/cultiverletre.org\/fr\/devenir-membre\/#primaryimage\"},\"thumbnailUrl\":\"https:\/\/cultiverletre.org\/fr\/wp-content\/uploads\/2025\/09\/team-7042052_1280.jpg\",\"datePublished\":\"2025-03-10T18:51:44+00:00\",\"dateModified\":\"2025-10-27T11:02:51+00:00\",\"breadcrumb\":{\"@id\":\"https:\/\/cultiverletre.org\/fr\/devenir-membre\/#breadcrumb\"},\"inLanguage\":\"fr-FR\",\"potentialAction\":[{\"@type\":\"ReadAction\",\"target\":[\"https:\/\/cultiverletre.org\/fr\/devenir-membre\/\"]}]},{\"@type\":\"ImageObject\",\"inLanguage\":\"fr-FR\",\"@id\":\"https:\/\/cultiverletre.org\/fr\/devenir-membre\/#primaryimage\",\"url\":\"https:\/\/cultiverletre.org\/fr\/wp-content\/uploads\/2025\/09\/team-7042052_1280.jpg\",\"contentUrl\":\"https:\/\/cultiverletre.org\/fr\/wp-content\/uploads\/2025\/09\/team-7042052_1280.jpg\",\"width\":1280,\"height\":1280},{\"@type\":\"BreadcrumbList\",\"@id\":\"https:\/\/cultiverletre.org\/fr\/devenir-membre\/#breadcrumb\",\"itemListElement\":[{\"@type\":\"ListItem\",\"position\":1,\"name\":\"Accueil\",\"item\":\"https:\/\/cultiverletre.org\/fr\/\"},{\"@type\":\"ListItem\",\"position\":2,\"name\":\"Devenir membre\"}]},{\"@type\":\"WebSite\",\"@id\":\"https:\/\/cultiverletre.org\/fr\/#website\",\"url\":\"https:\/\/cultiverletre.org\/fr\/\",\"name\":\"Cultiver l&#039;\u00eatre asbl\",\"description\":\"\",\"publisher\":{\"@id\":\"https:\/\/cultiverletre.org\/fr\/#organization\"},\"potentialAction\":[{\"@type\":\"SearchAction\",\"target\":{\"@type\":\"EntryPoint\",\"urlTemplate\":\"https:\/\/cultiverletre.org\/fr\/?s={search_term_string}\"},\"query-input\":{\"@type\":\"PropertyValueSpecification\",\"valueRequired\":true,\"valueName\":\"search_term_string\"}}],\"inLanguage\":\"fr-FR\"},{\"@type\":\"Organization\",\"@id\":\"https:\/\/cultiverletre.org\/fr\/#organization\",\"name\":\"Cultiver l&#039;\u00eatre asbl\",\"url\":\"https:\/\/cultiverletre.org\/fr\/\",\"logo\":{\"@type\":\"ImageObject\",\"inLanguage\":\"fr-FR\",\"@id\":\"https:\/\/cultiverletre.org\/fr\/#\/schema\/logo\/image\/\",\"url\":\"https:\/\/cultiverletre.org\/fr\/wp-content\/uploads\/2025\/03\/cropped-LogoCE_2017_31x20mm.png\",\"contentUrl\":\"https:\/\/cultiverletre.org\/fr\/wp-content\/uploads\/2025\/03\/cropped-LogoCE_2017_31x20mm.png\",\"width\":181,\"height\":125,\"caption\":\"Cultiver l&#039;\u00eatre asbl\"},\"image\":{\"@id\":\"https:\/\/cultiverletre.org\/fr\/#\/schema\/logo\/image\/\"}}]}<\/script>\n<!-- \/ Yoast SEO plugin. -->","yoast_head_json":{"title":"Devenir membre - Cultiver l&#039;\u00eatre asbl","robots":{"index":"index","follow":"follow","max-snippet":"max-snippet:-1","max-image-preview":"max-image-preview:large","max-video-preview":"max-video-preview:-1"},"canonical":"https:\/\/cultiverletre.org\/fr\/devenir-membre\/","og_locale":"fr_FR","og_type":"article","og_title":"Devenir membre - Cultiver l&#039;\u00eatre asbl","og_description":"Pour toujours faire mieux ensemble &#8230; Devenez-membre ! Merci d\u2019avance pour votre soutien en tant que membre (cotisation annuelle de [&hellip;]","og_url":"https:\/\/cultiverletre.org\/fr\/devenir-membre\/","og_site_name":"Cultiver l&#039;\u00eatre asbl","article_modified_time":"2025-10-27T11:02:51+00:00","og_image":[{"width":1280,"height":1280,"url":"https:\/\/cultiverletre.org\/fr\/wp-content\/uploads\/2025\/09\/team-7042052_1280.jpg","type":"image\/jpeg"}],"twitter_card":"summary_large_image","twitter_misc":{"Dur\u00e9e de lecture estim\u00e9e":"1 minute"},"schema":{"@context":"https:\/\/schema.org","@graph":[{"@type":"WebPage","@id":"https:\/\/cultiverletre.org\/fr\/devenir-membre\/","url":"https:\/\/cultiverletre.org\/fr\/devenir-membre\/","name":"Devenir membre - Cultiver l&#039;\u00eatre asbl","isPartOf":{"@id":"https:\/\/cultiverletre.org\/fr\/#website"},"primaryImageOfPage":{"@id":"https:\/\/cultiverletre.org\/fr\/devenir-membre\/#primaryimage"},"image":{"@id":"https:\/\/cultiverletre.org\/fr\/devenir-membre\/#primaryimage"},"thumbnailUrl":"https:\/\/cultiverletre.org\/fr\/wp-content\/uploads\/2025\/09\/team-7042052_1280.jpg","datePublished":"2025-03-10T18:51:44+00:00","dateModified":"2025-10-27T11:02:51+00:00","breadcrumb":{"@id":"https:\/\/cultiverletre.org\/fr\/devenir-membre\/#breadcrumb"},"inLanguage":"fr-FR","potentialAction":[{"@type":"ReadAction","target":["https:\/\/cultiverletre.org\/fr\/devenir-membre\/"]}]},{"@type":"ImageObject","inLanguage":"fr-FR","@id":"https:\/\/cultiverletre.org\/fr\/devenir-membre\/#primaryimage","url":"https:\/\/cultiverletre.org\/fr\/wp-content\/uploads\/2025\/09\/team-7042052_1280.jpg","contentUrl":"https:\/\/cultiverletre.org\/fr\/wp-content\/uploads\/2025\/09\/team-7042052_1280.jpg","width":1280,"height":1280},{"@type":"BreadcrumbList","@id":"https:\/\/cultiverletre.org\/fr\/devenir-membre\/#breadcrumb","itemListElement":[{"@type":"ListItem","position":1,"name":"Accueil","item":"https:\/\/cultiverletre.org\/fr\/"},{"@type":"ListItem","position":2,"name":"Devenir membre"}]},{"@type":"WebSite","@id":"https:\/\/cultiverletre.org\/fr\/#website","url":"https:\/\/cultiverletre.org\/fr\/","name":"Cultiver l&#039;\u00eatre asbl","description":"","publisher":{"@id":"https:\/\/cultiverletre.org\/fr\/#organization"},"potentialAction":[{"@type":"SearchAction","target":{"@type":"EntryPoint","urlTemplate":"https:\/\/cultiverletre.org\/fr\/?s={search_term_string}"},"query-input":{"@type":"PropertyValueSpecification","valueRequired":true,"valueName":"search_term_string"}}],"inLanguage":"fr-FR"},{"@type":"Organization","@id":"https:\/\/cultiverletre.org\/fr\/#organization","name":"Cultiver l&#039;\u00eatre asbl","url":"https:\/\/cultiverletre.org\/fr\/","logo":{"@type":"ImageObject","inLanguage":"fr-FR","@id":"https:\/\/cultiverletre.org\/fr\/#\/schema\/logo\/image\/","url":"https:\/\/cultiverletre.org\/fr\/wp-content\/uploads\/2025\/03\/cropped-LogoCE_2017_31x20mm.png","contentUrl":"https:\/\/cultiverletre.org\/fr\/wp-content\/uploads\/2025\/03\/cropped-LogoCE_2017_31x20mm.png","width":181,"height":125,"caption":"Cultiver l&#039;\u00eatre asbl"},"image":{"@id":"https:\/\/cultiverletre.org\/fr\/#\/schema\/logo\/image\/"}}]}},"_links":{"self":[{"href":"https:\/\/cultiverletre.org\/fr\/wp-json\/wp\/v2\/pages\/32","targetHints":{"allow":["GET"]}}],"collection":[{"href":"https:\/\/cultiverletre.org\/fr\/wp-json\/wp\/v2\/pages"}],"about":[{"href":"https:\/\/cultiverletre.org\/fr\/wp-json\/wp\/v2\/types\/page"}],"author":[{"embeddable":true,"href":"https:\/\/cultiverletre.org\/fr\/wp-json\/wp\/v2\/users\/1"}],"replies":[{"embeddable":true,"href":"https:\/\/cultiverletre.org\/fr\/wp-json\/wp\/v2\/comments?post=32"}],"version-history":[{"count":46,"href":"https:\/\/cultiverletre.org\/fr\/wp-json\/wp\/v2\/pages\/32\/revisions"}],"predecessor-version":[{"id":1898,"href":"https:\/\/cultiverletre.org\/fr\/wp-json\/wp\/v2\/pages\/32\/revisions\/1898"}],"wp:attachment":[{"href":"https:\/\/cultiverletre.org\/fr\/wp-json\/wp\/v2\/media?parent=32"}],"curies":[{"name":"wp","href":"https:\/\/api.w.org\/{rel}","templated":true}]}}