{"id":45,"date":"2025-03-10T18:18:05","date_gmt":"2025-03-10T17:18:05","guid":{"rendered":"https:\/\/cultiverletre.org\/fr\/services\/"},"modified":"2025-10-27T11:58:22","modified_gmt":"2025-10-27T10:58:22","slug":"newsletter","status":"publish","type":"page","link":"https:\/\/cultiverletre.org\/fr\/newsletter\/","title":{"rendered":"Newsletter"},"content":{"rendered":"\t\t<div data-elementor-type=\"wp-page\" data-elementor-id=\"45\" class=\"elementor elementor-45\">\n\t\t\t\t<div class=\"elementor-element elementor-element-27890cff e-flex e-con-boxed e-con e-parent\" data-id=\"27890cff\" data-element_type=\"container\" data-settings=\"{&quot;background_background&quot;:&quot;classic&quot;}\">\n\t\t\t\t\t<div class=\"e-con-inner\">\n\t\t<div class=\"elementor-element elementor-element-7a94b643 e-con-full e-flex e-con e-child\" data-id=\"7a94b643\" data-element_type=\"container\">\n\t\t\t\t<div class=\"elementor-element elementor-element-7b3b249 elementor-widget elementor-widget-heading\" data-id=\"7b3b249\" data-element_type=\"widget\" data-widget_type=\"heading.default\">\n\t\t\t\t<div class=\"elementor-widget-container\">\n\t\t\t\t\t<h2 class=\"elementor-heading-title elementor-size-default\">Restons en contact !<\/h2>\t\t\t\t<\/div>\n\t\t\t\t<\/div>\n\t\t\t\t<div class=\"elementor-element elementor-element-9855206 elementor-widget elementor-widget-text-editor\" data-id=\"9855206\" data-element_type=\"widget\" data-widget_type=\"text-editor.default\">\n\t\t\t\t<div class=\"elementor-widget-container\">\n\t\t\t\t\t\t\t\t\t<p data-start=\"285\" data-end=\"445\">Pour recevoir notre newsletter (7 \u00e0 8 par an), il vous suffit de nous envoyer un mail,<br \/>vous serez ainsi au c\u0153ur de nos actualit\u00e9s et de nos projets.<\/p>\t\t\t\t\t\t\t\t<\/div>\n\t\t\t\t<\/div>\n\t\t\t\t<div class=\"elementor-element elementor-element-4221a748 elementor-icon-list--layout-traditional elementor-list-item-link-full_width elementor-widget elementor-widget-icon-list\" data-id=\"4221a748\" data-element_type=\"widget\" data-widget_type=\"icon-list.default\">\n\t\t\t\t<div class=\"elementor-widget-container\">\n\t\t\t\t\t\t\t<ul class=\"elementor-icon-list-items\">\n\t\t\t\t\t\t\t<li class=\"elementor-icon-list-item\">\n\t\t\t\t\t\t\t\t\t\t\t<span class=\"elementor-icon-list-icon\">\n\t\t\t\t\t\t\t<svg aria-hidden=\"true\" class=\"e-font-icon-svg e-fas-phone-alt\" viewBox=\"0 0 512 512\" xmlns=\"http:\/\/www.w3.org\/2000\/svg\"><path d=\"M497.39 361.8l-112-48a24 24 0 0 0-28 6.9l-49.6 60.6A370.66 370.66 0 0 1 130.6 204.11l60.6-49.6a23.94 23.94 0 0 0 6.9-28l-48-112A24.16 24.16 0 0 0 122.6.61l-104 24A24 24 0 0 0 0 48c0 256.5 207.9 464 464 464a24 24 0 0 0 23.4-18.6l24-104a24.29 24.29 0 0 0-14.01-27.6z\"><\/path><\/svg>\t\t\t\t\t\t<\/span>\n\t\t\t\t\t\t\t\t\t\t<span class=\"elementor-icon-list-text\">+352 621 762 440<\/span>\n\t\t\t\t\t\t\t\t\t<\/li>\n\t\t\t\t\t\t<\/ul>\n\t\t\t\t\t\t<\/div>\n\t\t\t\t<\/div>\n\t\t\t\t<div class=\"elementor-element elementor-element-3f593025 elementor-icon-list--layout-traditional elementor-list-item-link-full_width elementor-widget elementor-widget-icon-list\" data-id=\"3f593025\" data-element_type=\"widget\" data-widget_type=\"icon-list.default\">\n\t\t\t\t<div class=\"elementor-widget-container\">\n\t\t\t\t\t\t\t<ul class=\"elementor-icon-list-items\">\n\t\t\t\t\t\t\t<li class=\"elementor-icon-list-item\">\n\t\t\t\t\t\t\t\t\t\t\t<a href=\"mailto:support@exampledomain.com\">\n\n\t\t\t\t\t\t\t\t\t\t\t\t<span class=\"elementor-icon-list-icon\">\n\t\t\t\t\t\t\t<svg aria-hidden=\"true\" class=\"e-font-icon-svg e-far-envelope\" viewBox=\"0 0 512 512\" xmlns=\"http:\/\/www.w3.org\/2000\/svg\"><path d=\"M464 64H48C21.49 64 0 85.49 0 112v288c0 26.51 21.49 48 48 48h416c26.51 0 48-21.49 48-48V112c0-26.51-21.49-48-48-48zm0 48v40.805c-22.422 18.259-58.168 46.651-134.587 106.49-16.841 13.247-50.201 45.072-73.413 44.701-23.208.375-56.579-31.459-73.413-44.701C106.18 199.465 70.425 171.067 48 152.805V112h416zM48 400V214.398c22.914 18.251 55.409 43.862 104.938 82.646 21.857 17.205 60.134 55.186 103.062 54.955 42.717.231 80.509-37.199 103.053-54.947 49.528-38.783 82.032-64.401 104.947-82.653V400H48z\"><\/path><\/svg>\t\t\t\t\t\t<\/span>\n\t\t\t\t\t\t\t\t\t\t<span class=\"elementor-icon-list-text\">contact@cultiverletre.org<\/span>\n\t\t\t\t\t\t\t\t\t\t\t<\/a>\n\t\t\t\t\t\t\t\t\t<\/li>\n\t\t\t\t\t\t<\/ul>\n\t\t\t\t\t\t<\/div>\n\t\t\t\t<\/div>\n\t\t\t\t<\/div>\n\t\t\t\t\t<\/div>\n\t\t\t\t<\/div>\n\t\t\t\t<\/div>\n\t\t","protected":false},"excerpt":{"rendered":"<p>Restons en contact ! Pour recevoir notre newsletter (7 \u00e0 8 par an), il vous suffit de nous envoyer un [&hellip;]<\/p>\n","protected":false},"author":1,"featured_media":0,"parent":0,"menu_order":0,"comment_status":"closed","ping_status":"closed","template":"","meta":{"site-sidebar-layout":"no-sidebar","site-content-layout":"","ast-site-content-layout":"full-width-container","site-content-style":"default","site-sidebar-style":"default","ast-global-header-display":"","ast-banner-title-visibility":"","ast-main-header-display":"","ast-hfb-above-header-display":"","ast-hfb-below-header-display":"","ast-hfb-mobile-header-display":"","site-post-title":"","ast-breadcrumbs-content":"","ast-featured-img":"disabled","footer-sml-layout":"","theme-transparent-header-meta":"","adv-header-id-meta":"","stick-header-meta":"","header-above-stick-meta":"","header-main-stick-meta":"","header-below-stick-meta":"","astra-migrate-meta-layouts":"default","ast-page-background-enabled":"default","ast-page-background-meta":{"desktop":{"background-color":"var(--ast-global-color-4)","background-image":"","background-repeat":"repeat","background-position":"center center","background-size":"auto","background-attachment":"scroll","background-type":"","background-media":"","overlay-type":"","overlay-color":"","overlay-opacity":"","overlay-gradient":""},"tablet":{"background-color":"","background-image":"","background-repeat":"repeat","background-position":"center center","background-size":"auto","background-attachment":"scroll","background-type":"","background-media":"","overlay-type":"","overlay-color":"","overlay-opacity":"","overlay-gradient":""},"mobile":{"background-color":"","background-image":"","background-repeat":"repeat","background-position":"center center","background-size":"auto","background-attachment":"scroll","background-type":"","background-media":"","overlay-type":"","overlay-color":"","overlay-opacity":"","overlay-gradient":""}},"ast-content-background-meta":{"desktop":{"background-color":"var(--ast-global-color-5)","background-image":"","background-repeat":"repeat","background-position":"center center","background-size":"auto","background-attachment":"scroll","background-type":"","background-media":"","overlay-type":"","overlay-color":"","overlay-opacity":"","overlay-gradient":""},"tablet":{"background-color":"var(--ast-global-color-5)","background-image":"","background-repeat":"repeat","background-position":"center center","background-size":"auto","background-attachment":"scroll","background-type":"","background-media":"","overlay-type":"","overlay-color":"","overlay-opacity":"","overlay-gradient":""},"mobile":{"background-color":"var(--ast-global-color-5)","background-image":"","background-repeat":"repeat","background-position":"center center","background-size":"auto","background-attachment":"scroll","background-type":"","background-media":"","overlay-type":"","overlay-color":"","overlay-opacity":"","overlay-gradient":""}},"footnotes":""},"class_list":["post-45","page","type-page","status-publish","hentry"],"yoast_head":"<!-- This site is optimized with the Yoast SEO plugin v26.0 - https:\/\/yoast.com\/wordpress\/plugins\/seo\/ -->\n<title>Newsletter - Cultiver l&#039;\u00eatre asbl<\/title>\n<meta name=\"robots\" content=\"index, follow, max-snippet:-1, max-image-preview:large, max-video-preview:-1\" \/>\n<link rel=\"canonical\" href=\"https:\/\/cultiverletre.org\/fr\/newsletter\/\" \/>\n<meta property=\"og:locale\" content=\"fr_FR\" \/>\n<meta property=\"og:type\" content=\"article\" \/>\n<meta property=\"og:title\" content=\"Newsletter - Cultiver l&#039;\u00eatre asbl\" \/>\n<meta property=\"og:description\" content=\"Restons en contact ! Pour recevoir notre newsletter (7 \u00e0 8 par an), il vous suffit de nous envoyer un [&hellip;]\" \/>\n<meta property=\"og:url\" content=\"https:\/\/cultiverletre.org\/fr\/newsletter\/\" \/>\n<meta property=\"og:site_name\" content=\"Cultiver l&#039;\u00eatre asbl\" \/>\n<meta property=\"article:modified_time\" content=\"2025-10-27T10:58:22+00:00\" \/>\n<meta name=\"twitter:card\" content=\"summary_large_image\" \/>\n<meta name=\"twitter:label1\" content=\"Dur\u00e9e de lecture estim\u00e9e\" \/>\n\t<meta name=\"twitter:data1\" content=\"1 minute\" \/>\n<script type=\"application\/ld+json\" class=\"yoast-schema-graph\">{\"@context\":\"https:\/\/schema.org\",\"@graph\":[{\"@type\":\"WebPage\",\"@id\":\"https:\/\/cultiverletre.org\/fr\/newsletter\/\",\"url\":\"https:\/\/cultiverletre.org\/fr\/newsletter\/\",\"name\":\"Newsletter - Cultiver l&#039;\u00eatre asbl\",\"isPartOf\":{\"@id\":\"https:\/\/cultiverletre.org\/fr\/#website\"},\"datePublished\":\"2025-03-10T17:18:05+00:00\",\"dateModified\":\"2025-10-27T10:58:22+00:00\",\"breadcrumb\":{\"@id\":\"https:\/\/cultiverletre.org\/fr\/newsletter\/#breadcrumb\"},\"inLanguage\":\"fr-FR\",\"potentialAction\":[{\"@type\":\"ReadAction\",\"target\":[\"https:\/\/cultiverletre.org\/fr\/newsletter\/\"]}]},{\"@type\":\"BreadcrumbList\",\"@id\":\"https:\/\/cultiverletre.org\/fr\/newsletter\/#breadcrumb\",\"itemListElement\":[{\"@type\":\"ListItem\",\"position\":1,\"name\":\"Accueil\",\"item\":\"https:\/\/cultiverletre.org\/fr\/\"},{\"@type\":\"ListItem\",\"position\":2,\"name\":\"Newsletter\"}]},{\"@type\":\"WebSite\",\"@id\":\"https:\/\/cultiverletre.org\/fr\/#website\",\"url\":\"https:\/\/cultiverletre.org\/fr\/\",\"name\":\"Cultiver l&#039;\u00eatre asbl\",\"description\":\"\",\"publisher\":{\"@id\":\"https:\/\/cultiverletre.org\/fr\/#organization\"},\"potentialAction\":[{\"@type\":\"SearchAction\",\"target\":{\"@type\":\"EntryPoint\",\"urlTemplate\":\"https:\/\/cultiverletre.org\/fr\/?s={search_term_string}\"},\"query-input\":{\"@type\":\"PropertyValueSpecification\",\"valueRequired\":true,\"valueName\":\"search_term_string\"}}],\"inLanguage\":\"fr-FR\"},{\"@type\":\"Organization\",\"@id\":\"https:\/\/cultiverletre.org\/fr\/#organization\",\"name\":\"Cultiver l&#039;\u00eatre asbl\",\"url\":\"https:\/\/cultiverletre.org\/fr\/\",\"logo\":{\"@type\":\"ImageObject\",\"inLanguage\":\"fr-FR\",\"@id\":\"https:\/\/cultiverletre.org\/fr\/#\/schema\/logo\/image\/\",\"url\":\"https:\/\/cultiverletre.org\/fr\/wp-content\/uploads\/2025\/03\/cropped-LogoCE_2017_31x20mm.png\",\"contentUrl\":\"https:\/\/cultiverletre.org\/fr\/wp-content\/uploads\/2025\/03\/cropped-LogoCE_2017_31x20mm.png\",\"width\":181,\"height\":125,\"caption\":\"Cultiver l&#039;\u00eatre asbl\"},\"image\":{\"@id\":\"https:\/\/cultiverletre.org\/fr\/#\/schema\/logo\/image\/\"}}]}<\/script>\n<!-- \/ Yoast SEO plugin. -->","yoast_head_json":{"title":"Newsletter - Cultiver l&#039;\u00eatre asbl","robots":{"index":"index","follow":"follow","max-snippet":"max-snippet:-1","max-image-preview":"max-image-preview:large","max-video-preview":"max-video-preview:-1"},"canonical":"https:\/\/cultiverletre.org\/fr\/newsletter\/","og_locale":"fr_FR","og_type":"article","og_title":"Newsletter - Cultiver l&#039;\u00eatre asbl","og_description":"Restons en contact ! Pour recevoir notre newsletter (7 \u00e0 8 par an), il vous suffit de nous envoyer un [&hellip;]","og_url":"https:\/\/cultiverletre.org\/fr\/newsletter\/","og_site_name":"Cultiver l&#039;\u00eatre asbl","article_modified_time":"2025-10-27T10:58:22+00:00","twitter_card":"summary_large_image","twitter_misc":{"Dur\u00e9e de lecture estim\u00e9e":"1 minute"},"schema":{"@context":"https:\/\/schema.org","@graph":[{"@type":"WebPage","@id":"https:\/\/cultiverletre.org\/fr\/newsletter\/","url":"https:\/\/cultiverletre.org\/fr\/newsletter\/","name":"Newsletter - Cultiver l&#039;\u00eatre asbl","isPartOf":{"@id":"https:\/\/cultiverletre.org\/fr\/#website"},"datePublished":"2025-03-10T17:18:05+00:00","dateModified":"2025-10-27T10:58:22+00:00","breadcrumb":{"@id":"https:\/\/cultiverletre.org\/fr\/newsletter\/#breadcrumb"},"inLanguage":"fr-FR","potentialAction":[{"@type":"ReadAction","target":["https:\/\/cultiverletre.org\/fr\/newsletter\/"]}]},{"@type":"BreadcrumbList","@id":"https:\/\/cultiverletre.org\/fr\/newsletter\/#breadcrumb","itemListElement":[{"@type":"ListItem","position":1,"name":"Accueil","item":"https:\/\/cultiverletre.org\/fr\/"},{"@type":"ListItem","position":2,"name":"Newsletter"}]},{"@type":"WebSite","@id":"https:\/\/cultiverletre.org\/fr\/#website","url":"https:\/\/cultiverletre.org\/fr\/","name":"Cultiver l&#039;\u00eatre asbl","description":"","publisher":{"@id":"https:\/\/cultiverletre.org\/fr\/#organization"},"potentialAction":[{"@type":"SearchAction","target":{"@type":"EntryPoint","urlTemplate":"https:\/\/cultiverletre.org\/fr\/?s={search_term_string}"},"query-input":{"@type":"PropertyValueSpecification","valueRequired":true,"valueName":"search_term_string"}}],"inLanguage":"fr-FR"},{"@type":"Organization","@id":"https:\/\/cultiverletre.org\/fr\/#organization","name":"Cultiver l&#039;\u00eatre asbl","url":"https:\/\/cultiverletre.org\/fr\/","logo":{"@type":"ImageObject","inLanguage":"fr-FR","@id":"https:\/\/cultiverletre.org\/fr\/#\/schema\/logo\/image\/","url":"https:\/\/cultiverletre.org\/fr\/wp-content\/uploads\/2025\/03\/cropped-LogoCE_2017_31x20mm.png","contentUrl":"https:\/\/cultiverletre.org\/fr\/wp-content\/uploads\/2025\/03\/cropped-LogoCE_2017_31x20mm.png","width":181,"height":125,"caption":"Cultiver l&#039;\u00eatre asbl"},"image":{"@id":"https:\/\/cultiverletre.org\/fr\/#\/schema\/logo\/image\/"}}]}},"_links":{"self":[{"href":"https:\/\/cultiverletre.org\/fr\/wp-json\/wp\/v2\/pages\/45","targetHints":{"allow":["GET"]}}],"collection":[{"href":"https:\/\/cultiverletre.org\/fr\/wp-json\/wp\/v2\/pages"}],"about":[{"href":"https:\/\/cultiverletre.org\/fr\/wp-json\/wp\/v2\/types\/page"}],"author":[{"embeddable":true,"href":"https:\/\/cultiverletre.org\/fr\/wp-json\/wp\/v2\/users\/1"}],"replies":[{"embeddable":true,"href":"https:\/\/cultiverletre.org\/fr\/wp-json\/wp\/v2\/comments?post=45"}],"version-history":[{"count":80,"href":"https:\/\/cultiverletre.org\/fr\/wp-json\/wp\/v2\/pages\/45\/revisions"}],"predecessor-version":[{"id":1886,"href":"https:\/\/cultiverletre.org\/fr\/wp-json\/wp\/v2\/pages\/45\/revisions\/1886"}],"wp:attachment":[{"href":"https:\/\/cultiverletre.org\/fr\/wp-json\/wp\/v2\/media?parent=45"}],"curies":[{"name":"wp","href":"https:\/\/api.w.org\/{rel}","templated":true}]}}