{"id":688,"date":"2025-03-10T18:18:03","date_gmt":"2025-03-10T17:18:03","guid":{"rendered":"https:\/\/cultiverletre.org\/fr\/home\/"},"modified":"2026-04-10T01:00:48","modified_gmt":"2026-04-09T23:00:48","slug":"accueil","status":"publish","type":"page","link":"https:\/\/cultiverletre.org\/fr\/","title":{"rendered":"Accueil"},"content":{"rendered":"\t\t<div data-elementor-type=\"wp-page\" data-elementor-id=\"688\" class=\"elementor elementor-688\">\n\t\t\t\t<div class=\"elementor-element elementor-element-18177b55 e-flex e-con-boxed e-con e-parent\" data-id=\"18177b55\" data-element_type=\"container\" data-settings=\"{&quot;background_background&quot;:&quot;classic&quot;}\">\n\t\t\t\t\t<div class=\"e-con-inner\">\n\t\t\t\t\t<\/div>\n\t\t\t\t<\/div>\n\t\t<div class=\"elementor-element elementor-element-4ff44128 e-flex e-con-boxed e-con e-parent\" data-id=\"4ff44128\" data-element_type=\"container\">\n\t\t\t\t\t<div class=\"e-con-inner\">\n\t\t\t\t<div class=\"elementor-element elementor-element-1f95187 elementor-widget elementor-widget-text-editor\" data-id=\"1f95187\" data-element_type=\"widget\" data-widget_type=\"text-editor.default\">\n\t\t\t\t<div class=\"elementor-widget-container\">\n\t\t\t\t\t\t\t\t\t<p>\u00a0<\/p><p id=\"ydp47068f8dyiv3814287880isPasted\" class=\"ydp47068f8dyiv3814287880default\">\u00a0<\/p><p class=\"ydp47068f8dyiv3814287880default\">\u00a0<\/p>\t\t\t\t\t\t\t\t<\/div>\n\t\t\t\t<\/div>\n\t\t<div class=\"elementor-element elementor-element-19639a32 e-grid e-con-full e-con e-child\" data-id=\"19639a32\" data-element_type=\"container\">\n\t\t\t\t<div class=\"elementor-element elementor-element-cfcec4f elementor-widget elementor-widget-text-editor\" data-id=\"cfcec4f\" data-element_type=\"widget\" data-widget_type=\"text-editor.default\">\n\t\t\t\t<div class=\"elementor-widget-container\">\n\t\t\t\t\t\t\t\t\t<p>Nous avons une nouvelle adresse: contact@cultiverletre.org<br \/>L&rsquo;ancienne reste encore active pour le moment<\/p>\t\t\t\t\t\t\t\t<\/div>\n\t\t\t\t<\/div>\n\t\t\t\t<div class=\"elementor-element elementor-element-770a81d elementor-widget-divider--view-line elementor-widget elementor-widget-divider\" data-id=\"770a81d\" data-element_type=\"widget\" data-widget_type=\"divider.default\">\n\t\t\t\t<div class=\"elementor-widget-container\">\n\t\t\t\t\t\t\t<div class=\"elementor-divider\">\n\t\t\t<span class=\"elementor-divider-separator\">\n\t\t\t\t\t\t<\/span>\n\t\t<\/div>\n\t\t\t\t\t\t<\/div>\n\t\t\t\t<\/div>\n\t\t\t\t<div class=\"elementor-element elementor-element-e2ede1f elementor-widget elementor-widget-text-editor\" data-id=\"e2ede1f\" data-element_type=\"widget\" data-widget_type=\"text-editor.default\">\n\t\t\t\t<div class=\"elementor-widget-container\">\n\t\t\t\t\t\t\t\t\t<p>Chers membres, ch\u00e8res amies, chers amis, saviez-vous que&#8230;<\/p>\t\t\t\t\t\t\t\t<\/div>\n\t\t\t\t<\/div>\n\t\t\t\t<div class=\"elementor-element elementor-element-d5f7392 elementor-widget elementor-widget-heading\" data-id=\"d5f7392\" data-element_type=\"widget\" data-widget_type=\"heading.default\">\n\t\t\t\t<div class=\"elementor-widget-container\">\n\t\t\t\t\t<h4 class=\"elementor-heading-title elementor-size-default\">en num\u00e9rologie<\/h4>\t\t\t\t<\/div>\n\t\t\t\t<\/div>\n\t\t\t\t<div class=\"elementor-element elementor-element-4d9b063 elementor-widget elementor-widget-text-editor\" data-id=\"4d9b063\" data-element_type=\"widget\" data-widget_type=\"text-editor.default\">\n\t\t\t\t<div class=\"elementor-widget-container\">\n\t\t\t\t\t\t\t\t\t<p class=\"ydp47068f8dyiv3814287880default\"><strong>2026 est une ann\u00e9e \u201c1\u201d<\/strong>\u00a0car on additionne les chiffres: 2 + 0 + 2 + 6 = 10, et ensuite 1 + 0 = 1. Cela signifie que 2026 ouvre le premier pas d\u2019<strong>un nouveau cycle de neuf ans<\/strong>, apr\u00e8s la fin d\u2019un cycle pr\u00e9c\u00e9dent qui \u00e9tait l\u2019ann\u00e9e \u00ab 9 \u00bb.<\/p><p id=\"ydp47068f8dyiv3814287880isPasted\" class=\"ydp47068f8dyiv3814287880default\">En num\u00e9rologie,\u00a0<strong>symbole de nouveau d\u00e9part, d\u2019\u00e9lan et de renouveau<\/strong>.\u00a0<\/p><p class=\"ydp47068f8dyiv3814287880default\">Elle ouvre un nouveau cycle et\u00a0<strong>nous invite \u00e0 oser, initier, cr\u00e9er, prendre notre place<\/strong>. C\u2019est une\u00a0<strong>\u00e9nergie de dynamisme, de leadership int\u00e9rieur et de mise en mouvement<\/strong>\u00a0\u2014 le moment id\u00e9al pour poser les premi\u00e8res pierres pour des projets qui ont du sens.<\/p><p id=\"ydp47068f8dyiv3814287880isPasted\" class=\"ydp47068f8dyiv3814287880default\"><strong>Que la brise du vent souffle sur vos projets afin qu\u2019ils prennent l\u2019envol.<\/strong><\/p>\t\t\t\t\t\t\t\t<\/div>\n\t\t\t\t<\/div>\n\t\t\t\t<div class=\"elementor-element elementor-element-5659e7a elementor-widget-divider--view-line elementor-widget elementor-widget-divider\" data-id=\"5659e7a\" data-element_type=\"widget\" data-widget_type=\"divider.default\">\n\t\t\t\t<div class=\"elementor-widget-container\">\n\t\t\t\t\t\t\t<div class=\"elementor-divider\">\n\t\t\t<span class=\"elementor-divider-separator\">\n\t\t\t\t\t\t<\/span>\n\t\t<\/div>\n\t\t\t\t\t\t<\/div>\n\t\t\t\t<\/div>\n\t\t\t\t<div class=\"elementor-element elementor-element-1c62111 elementor-widget elementor-widget-heading\" data-id=\"1c62111\" data-element_type=\"widget\" data-widget_type=\"heading.default\">\n\t\t\t\t<div class=\"elementor-widget-container\">\n\t\t\t\t\t<h4 class=\"elementor-heading-title elementor-size-default\">Notre programme de conf\u00e9rences et d\u2019ateliers<\/h4>\t\t\t\t<\/div>\n\t\t\t\t<\/div>\n\t\t\t\t<div class=\"elementor-element elementor-element-1ef5eb2 elementor-widget elementor-widget-button\" data-id=\"1ef5eb2\" data-element_type=\"widget\" data-widget_type=\"button.default\">\n\t\t\t\t<div class=\"elementor-widget-container\">\n\t\t\t\t\t\t\t\t\t<div class=\"elementor-button-wrapper\">\n\t\t\t\t\t<a class=\"elementor-button elementor-button-link elementor-size-sm\" href=\"https:\/\/cultiverletre.org\/fr\/wp-content\/uploads\/2026\/04\/Programme_2026_Cultiver_L_Etre_asbl_2.pdf\">\n\t\t\t\t\t\t<span class=\"elementor-button-content-wrapper\">\n\t\t\t\t\t\t\t\t\t<span class=\"elementor-button-text\">Programme 2026<\/span>\n\t\t\t\t\t<\/span>\n\t\t\t\t\t<\/a>\n\t\t\t\t<\/div>\n\t\t\t\t\t\t\t\t<\/div>\n\t\t\t\t<\/div>\n\t\t\t\t<div class=\"elementor-element elementor-element-748f154 elementor-widget-divider--view-line elementor-widget elementor-widget-divider\" data-id=\"748f154\" data-element_type=\"widget\" data-widget_type=\"divider.default\">\n\t\t\t\t<div class=\"elementor-widget-container\">\n\t\t\t\t\t\t\t<div class=\"elementor-divider\">\n\t\t\t<span class=\"elementor-divider-separator\">\n\t\t\t\t\t\t<\/span>\n\t\t<\/div>\n\t\t\t\t\t\t<\/div>\n\t\t\t\t<\/div>\n\t\t\t\t<div class=\"elementor-element elementor-element-9b7f246 elementor-widget elementor-widget-text-editor\" data-id=\"9b7f246\" data-element_type=\"widget\" data-widget_type=\"text-editor.default\">\n\t\t\t\t<div class=\"elementor-widget-container\">\n\t\t\t\t\t\t\t\t\t<p><strong><span style=\"color: #5c8607;\">&#8211; M\u00e9thode Progoff &amp; Intensive Writing<\/span><br \/><\/strong>Une \u00e9criture introspective guid\u00e9e pour d\u00e9poser ce qui p\u00e8se, clarifier ses \u00e9motions et avancer plus l\u00e9ger gr\u00e2ce au dialogue avec soi-m\u00eame.<br \/>Ecrire pour acc\u00e9der au pouvoir de l&rsquo;inconscient et \u00e9veiller la cr\u00e9ativit\u00e9 selon IRA PROGOFF.<\/p><p class=\"v1v1v1ydp54a5c157yiv8913737620ydp52c32dabyiv2190211602ydpb46a5dbayiv9708342958ydpbd1538e3yiv5095778519MsoNormal\"><span data-path-to-node=\"1,0\">Apr\u00e8s avoir amorc\u00e9 la constitution d&rsquo;un carnet de r\u00eaves lors de notre derni\u00e8re rencontre, nous explorerons le 9 avril comment le Journal Intensif permet de les utiliser comme de v\u00e9ritables guides sur notre chemin. <\/span><span data-path-to-node=\"1,2\"><span class=\"citation-21\">Nous apprendrons \u00e0 reconna\u00eetre ces messages int\u00e9rieurs pour transformer nos souvenirs et nos illusions en une source de sagesse et de clart\u00e9<\/span><\/span><span data-path-to-node=\"1,4\">.<\/span><\/p><p><span style=\"color: #339966;\"><strong><span style=\"color: #5c8607;\">&#8211; Soir\u00e9e d&rsquo;\u00e9criture en visio (Zoom) gratuite<br \/>Jeudi 9 avril de 19h \u00e0 20h30<\/span><\/strong><\/span><\/p><p><span style=\"color: #000000;\">Et pour aller plus loin, rejoignez-nous les 25 et 26 avril 2026<\/span><\/p><p><span style=\"color: #5c8607;\"><strong>&#8211; Soir\u00e9e d&rsquo;\u00e9criture en visio (Zoom)<\/strong><\/span><br \/>2 weeks-end de suite donc 4 jours<br \/><span style=\"color: #5c8607;\"><strong>Samedi 25 et dimanche 26 avril<\/strong><\/span><br \/><span style=\"color: #5c8607;\"><strong>Samedi 9 et dimanche 10 mai<\/strong><\/span><br \/>de 10h \u00e0 13h15 et de 14h45 \u00e0 18h<br \/><span style=\"color: #5c8607;\"><strong>Participation<\/strong><\/span> pour les 4 jours: 240\u20ac<\/p><hr \/><p><span style=\"color: #5c8607;\"><strong><br \/>&#8211; Atelier: Comment augmenter sa confiance en soi et devenir plus assertif?<\/strong><\/span><br \/>L\u2019assertivit\u00e9 est une forme d\u2019affirmation de soi dans le respect de l\u2019autre. Le but est de promouvoir le d\u00e9veloppement personnel et d\u2019\u00e9tablir des relations gagnant-gagnant avec les autres.<br \/><span style=\"color: #339966;\"><strong><br \/><span style=\"color: #5c8607;\">Dimanche 14 juin 2026<\/span><\/strong><\/span> <br \/>de 10h \u00e0 17h30<br \/>Amiperas<br \/>26 rue Dernier Sol<br \/>L-2543 Bonnevoie-Luxembourg<br \/><span style=\"color: #5c8607;\"><strong>Participation:<\/strong><\/span> 95\u20ac<\/p><hr \/><p data-path-to-node=\"2\">Par ailleurs, l&rsquo;asbl Cultiver l&rsquo;\u00catre a le plaisir de soutenir cet \u00e9v\u00e9nement exceptionnel organis\u00e9 par Chlo\u00e9 et Jean-Jacques SCHONCKERT.<b data-path-to-node=\"2\" data-index-in-node=\"0\"><\/b><\/p><p><strong><span style=\"color: #5c8607;\">&#8211; Retraite : M\u00e9ditation Siddha Maha Yoga (Shaktipat)<\/span><\/strong><\/p><p data-path-to-node=\"4\">Cette retraite est une invitation \u00e0 une pratique spirituelle profonde d&rsquo;expansion de la conscience. La b\u00e9n\u00e9diction transmise permet de ressentir la sagesse du c\u0153ur, d&rsquo;\u00e9liminer les conditionnements et de d\u00e9couvrir une profondeur d&rsquo;\u00eatre o\u00f9 ne r\u00e8gne que l&rsquo;Amour.<\/p><p data-path-to-node=\"5\"><span style=\"color: #5c8607;\"><b data-path-to-node=\"5\" data-index-in-node=\"0\">Du jeudi 9 au samedi 11 juillet (toute la journ\u00e9e)<br \/>ainsi que le dimanche 12 juillet (jusque 12h)<br \/><\/b><\/span>\u00a0Mindful House &#8211; 4, rue des Pr\u00e9s, L-5316 Contern <span style=\"color: #5c8607;\"><b data-path-to-node=\"5\" data-index-in-node=\"93\"><br \/>Participation :<\/b><\/span> 265 \u20ac pour la retraite compl\u00e8te (ou 90 \u20ac par journ\u00e9e)<br \/><strong><span style=\"color: #5c8607;\">Inscription:<\/span> <\/strong>c.schonckert@gmail.com<\/p>\t\t\t\t\t\t\t\t<\/div>\n\t\t\t\t<\/div>\n\t\t\t\t<div class=\"elementor-element elementor-element-ff4e545 elementor-widget-divider--view-line elementor-widget elementor-widget-divider\" data-id=\"ff4e545\" data-element_type=\"widget\" data-widget_type=\"divider.default\">\n\t\t\t\t<div class=\"elementor-widget-container\">\n\t\t\t\t\t\t\t<div class=\"elementor-divider\">\n\t\t\t<span class=\"elementor-divider-separator\">\n\t\t\t\t\t\t<\/span>\n\t\t<\/div>\n\t\t\t\t\t\t<\/div>\n\t\t\t\t<\/div>\n\t\t\t\t<div class=\"elementor-element elementor-element-3d21355 elementor-widget elementor-widget-text-editor\" data-id=\"3d21355\" data-element_type=\"widget\" data-widget_type=\"text-editor.default\">\n\t\t\t\t<div class=\"elementor-widget-container\">\n\t\t\t\t\t\t\t\t\t<p>Et d\u2019autres sujets\u2026<br \/>Pour aller dans votre sens, sugg\u00e9rez-nous vos th\u00e9matiques pr\u00e9f\u00e9r\u00e9es.<\/p>\t\t\t\t\t\t\t\t<\/div>\n\t\t\t\t<\/div>\n\t\t\t\t<div class=\"elementor-element elementor-element-df2b840 elementor-widget-divider--view-line elementor-widget elementor-widget-divider\" data-id=\"df2b840\" data-element_type=\"widget\" data-widget_type=\"divider.default\">\n\t\t\t\t<div class=\"elementor-widget-container\">\n\t\t\t\t\t\t\t<div class=\"elementor-divider\">\n\t\t\t<span class=\"elementor-divider-separator\">\n\t\t\t\t\t\t<\/span>\n\t\t<\/div>\n\t\t\t\t\t\t<\/div>\n\t\t\t\t<\/div>\n\t\t\t\t<div class=\"elementor-element elementor-element-e8d9f43 elementor-widget elementor-widget-heading\" data-id=\"e8d9f43\" data-element_type=\"widget\" data-widget_type=\"heading.default\">\n\t\t\t\t<div class=\"elementor-widget-container\">\n\t\t\t\t\t<h4 class=\"elementor-heading-title elementor-size-default\">Engagement dans l\u2019association<\/h4>\t\t\t\t<\/div>\n\t\t\t\t<\/div>\n\t\t\t\t<div class=\"elementor-element elementor-element-cb0b56b elementor-widget elementor-widget-text-editor\" data-id=\"cb0b56b\" data-element_type=\"widget\" data-widget_type=\"text-editor.default\">\n\t\t\t\t<div class=\"elementor-widget-container\">\n\t\t\t\t\t\t\t\t\t<p>Envie de vous impliquer, m\u00eame un peu ? Toute aide, id\u00e9e ou participation contribue \u00e0 faire vivre nos conf\u00e9rences et ateliers. Rejoignez-nous dans cette aventure collective<\/p>\t\t\t\t\t\t\t\t<\/div>\n\t\t\t\t<\/div>\n\t\t\t\t<div class=\"elementor-element elementor-element-2d63dd3 elementor-widget-divider--view-line elementor-widget elementor-widget-divider\" data-id=\"2d63dd3\" data-element_type=\"widget\" data-widget_type=\"divider.default\">\n\t\t\t\t<div class=\"elementor-widget-container\">\n\t\t\t\t\t\t\t<div class=\"elementor-divider\">\n\t\t\t<span class=\"elementor-divider-separator\">\n\t\t\t\t\t\t<\/span>\n\t\t<\/div>\n\t\t\t\t\t\t<\/div>\n\t\t\t\t<\/div>\n\t\t\t\t<div class=\"elementor-element elementor-element-b800690 elementor-widget elementor-widget-heading\" data-id=\"b800690\" data-element_type=\"widget\" data-widget_type=\"heading.default\">\n\t\t\t\t<div class=\"elementor-widget-container\">\n\t\t\t\t\t<h4 class=\"elementor-heading-title elementor-size-default\">\ud83d\udc9a\u00a0Cotisation annuelle<\/h4>\t\t\t\t<\/div>\n\t\t\t\t<\/div>\n\t\t\t\t<div class=\"elementor-element elementor-element-c9d57b4 elementor-widget elementor-widget-text-editor\" data-id=\"c9d57b4\" data-element_type=\"widget\" data-widget_type=\"text-editor.default\">\n\t\t\t\t<div class=\"elementor-widget-container\">\n\t\t\t\t\t\t\t\t\t<p>Nous lan\u00e7ons l\u2019appel aux cotisations : le montant minimum est de <strong>20\u20ac par an<\/strong>.<br \/>Votre soutien permet d\u2019organiser les ateliers et de faire vivre nos actions tout au long de l\u2019ann\u00e9e.<br \/>Voici nos coordonn\u00e9es bancaires:<\/p><ul id=\"ydp47068f8dyiv3814287880isPasted\"><li>Compte :\u00a0<em>Cultiver l\u2019\u00catre asbl<\/em><\/li><li>IBAN : LU24 1111 1916 0025 0000<\/li><li>BIC : CCPLLULL<\/li><\/ul>\t\t\t\t\t\t\t\t<\/div>\n\t\t\t\t<\/div>\n\t\t\t\t<div class=\"elementor-element elementor-element-7b07fb9 elementor-widget-divider--view-line elementor-widget elementor-widget-divider\" data-id=\"7b07fb9\" data-element_type=\"widget\" data-widget_type=\"divider.default\">\n\t\t\t\t<div class=\"elementor-widget-container\">\n\t\t\t\t\t\t\t<div class=\"elementor-divider\">\n\t\t\t<span class=\"elementor-divider-separator\">\n\t\t\t\t\t\t<\/span>\n\t\t<\/div>\n\t\t\t\t\t\t<\/div>\n\t\t\t\t<\/div>\n\t\t\t\t<div class=\"elementor-element elementor-element-48ab73e elementor-widget elementor-widget-text-editor\" data-id=\"48ab73e\" data-element_type=\"widget\" data-widget_type=\"text-editor.default\">\n\t\t\t\t<div class=\"elementor-widget-container\">\n\t\t\t\t\t\t\t\t\t<p class=\"ydp47068f8dyiv3814287880default\">Merci pour votre pr\u00e9sence et votre confiance.<br \/>Au plaisir de partager avec vous cette ann\u00e9e 2026, plac\u00e9e sous le signe du renouveau et des nouveaux possibles.<\/p><p class=\"ydp47068f8dyiv3814287880default\">Bien chaleureusement,<br \/>L\u2019\u00e9quipe de l\u2019association<br \/>Marie-Pascale, Jean et Paola<\/p>\t\t\t\t\t\t\t\t<\/div>\n\t\t\t\t<\/div>\n\t\t\t\t<div class=\"elementor-element elementor-element-9904812 elementor-widget elementor-widget-button\" data-id=\"9904812\" data-element_type=\"widget\" data-widget_type=\"button.default\">\n\t\t\t\t<div class=\"elementor-widget-container\">\n\t\t\t\t\t\t\t\t\t<div class=\"elementor-button-wrapper\">\n\t\t\t\t\t<a class=\"elementor-button elementor-button-link elementor-size-sm\" href=\"https:\/\/drive.google.com\/file\/d\/141RtqF7j9ScyfxLyPGFBOiEBhvymfjL9\/view\">\n\t\t\t\t\t\t<span class=\"elementor-button-content-wrapper\">\n\t\t\t\t\t\t\t\t\t<span class=\"elementor-button-text\">Compte postal de Cultiver l'\u00eatre<\/span>\n\t\t\t\t\t<\/span>\n\t\t\t\t\t<\/a>\n\t\t\t\t<\/div>\n\t\t\t\t\t\t\t\t<\/div>\n\t\t\t\t<\/div>\n\t\t\t\t<\/div>\n\t\t\t\t\t<\/div>\n\t\t\t\t<\/div>\n\t\t\t\t<\/div>\n\t\t","protected":false},"excerpt":{"rendered":"<p>\u00a0 \u00a0 \u00a0 Nous avons une nouvelle adresse: contact@cultiverletre.orgL&rsquo;ancienne reste encore active pour le moment Chers membres, ch\u00e8res amies, chers [&hellip;]<\/p>\n","protected":false},"author":1,"featured_media":0,"parent":0,"menu_order":0,"comment_status":"closed","ping_status":"closed","template":"","meta":{"site-sidebar-layout":"no-sidebar","site-content-layout":"","ast-site-content-layout":"full-width-container","site-content-style":"default","site-sidebar-style":"default","ast-global-header-display":"","ast-banner-title-visibility":"","ast-main-header-display":"","ast-hfb-above-header-display":"","ast-hfb-below-header-display":"","ast-hfb-mobile-header-display":"","site-post-title":"","ast-breadcrumbs-content":"","ast-featured-img":"","footer-sml-layout":"","theme-transparent-header-meta":"","adv-header-id-meta":"","stick-header-meta":"","header-above-stick-meta":"","header-main-stick-meta":"","header-below-stick-meta":"","astra-migrate-meta-layouts":"default","ast-page-background-enabled":"default","ast-page-background-meta":{"desktop":{"background-color":"var(--ast-global-color-4)","background-image":"","background-repeat":"repeat","background-position":"center center","background-size":"auto","background-attachment":"scroll","background-type":"","background-media":"","overlay-type":"","overlay-color":"","overlay-opacity":"","overlay-gradient":""},"tablet":{"background-color":"","background-image":"","background-repeat":"repeat","background-position":"center center","background-size":"auto","background-attachment":"scroll","background-type":"","background-media":"","overlay-type":"","overlay-color":"","overlay-opacity":"","overlay-gradient":""},"mobile":{"background-color":"","background-image":"","background-repeat":"repeat","background-position":"center center","background-size":"auto","background-attachment":"scroll","background-type":"","background-media":"","overlay-type":"","overlay-color":"","overlay-opacity":"","overlay-gradient":""}},"ast-content-background-meta":{"desktop":{"background-color":"var(--ast-global-color-5)","background-image":"","background-repeat":"repeat","background-position":"center center","background-size":"auto","background-attachment":"scroll","background-type":"","background-media":"","overlay-type":"","overlay-color":"","overlay-opacity":"","overlay-gradient":""},"tablet":{"background-color":"var(--ast-global-color-5)","background-image":"","background-repeat":"repeat","background-position":"center center","background-size":"auto","background-attachment":"scroll","background-type":"","background-media":"","overlay-type":"","overlay-color":"","overlay-opacity":"","overlay-gradient":""},"mobile":{"background-color":"var(--ast-global-color-5)","background-image":"","background-repeat":"repeat","background-position":"center center","background-size":"auto","background-attachment":"scroll","background-type":"","background-media":"","overlay-type":"","overlay-color":"","overlay-opacity":"","overlay-gradient":""}},"footnotes":""},"class_list":["post-688","page","type-page","status-publish","hentry"],"yoast_head":"<!-- This site is optimized with the Yoast SEO plugin v26.0 - https:\/\/yoast.com\/wordpress\/plugins\/seo\/ -->\n<title>Accueil - Cultiver l&#039;\u00eatre asbl<\/title>\n<meta name=\"robots\" content=\"index, follow, max-snippet:-1, max-image-preview:large, max-video-preview:-1\" \/>\n<link rel=\"canonical\" href=\"https:\/\/cultiverletre.org\/fr\/\" \/>\n<meta property=\"og:locale\" content=\"fr_FR\" \/>\n<meta property=\"og:type\" content=\"article\" \/>\n<meta property=\"og:title\" content=\"Accueil - Cultiver l&#039;\u00eatre asbl\" \/>\n<meta property=\"og:description\" content=\"\u00a0 \u00a0 \u00a0 Nous avons une nouvelle adresse: contact@cultiverletre.orgL&rsquo;ancienne reste encore active pour le moment Chers membres, ch\u00e8res amies, chers [&hellip;]\" \/>\n<meta property=\"og:url\" content=\"https:\/\/cultiverletre.org\/fr\/\" \/>\n<meta property=\"og:site_name\" content=\"Cultiver l&#039;\u00eatre asbl\" \/>\n<meta property=\"article:modified_time\" content=\"2026-04-09T23:00:48+00:00\" \/>\n<meta name=\"twitter:card\" content=\"summary_large_image\" \/>\n<meta name=\"twitter:label1\" content=\"Dur\u00e9e de lecture estim\u00e9e\" \/>\n\t<meta name=\"twitter:data1\" content=\"4 minutes\" \/>\n<script type=\"application\/ld+json\" class=\"yoast-schema-graph\">{\"@context\":\"https:\/\/schema.org\",\"@graph\":[{\"@type\":\"WebPage\",\"@id\":\"https:\/\/cultiverletre.org\/fr\/\",\"url\":\"https:\/\/cultiverletre.org\/fr\/\",\"name\":\"Accueil - Cultiver l&#039;\u00eatre asbl\",\"isPartOf\":{\"@id\":\"https:\/\/cultiverletre.org\/fr\/#website\"},\"datePublished\":\"2025-03-10T17:18:03+00:00\",\"dateModified\":\"2026-04-09T23:00:48+00:00\",\"breadcrumb\":{\"@id\":\"https:\/\/cultiverletre.org\/fr\/#breadcrumb\"},\"inLanguage\":\"fr-FR\",\"potentialAction\":[{\"@type\":\"ReadAction\",\"target\":[\"https:\/\/cultiverletre.org\/fr\/\"]}]},{\"@type\":\"BreadcrumbList\",\"@id\":\"https:\/\/cultiverletre.org\/fr\/#breadcrumb\",\"itemListElement\":[{\"@type\":\"ListItem\",\"position\":1,\"name\":\"Accueil\",\"item\":\"https:\/\/cultiverletre.org\/fr\/\"},{\"@type\":\"ListItem\",\"position\":2,\"name\":\"Accueil\"}]},{\"@type\":\"WebSite\",\"@id\":\"https:\/\/cultiverletre.org\/fr\/#website\",\"url\":\"https:\/\/cultiverletre.org\/fr\/\",\"name\":\"Cultiver l&#039;\u00eatre asbl\",\"description\":\"\",\"publisher\":{\"@id\":\"https:\/\/cultiverletre.org\/fr\/#organization\"},\"potentialAction\":[{\"@type\":\"SearchAction\",\"target\":{\"@type\":\"EntryPoint\",\"urlTemplate\":\"https:\/\/cultiverletre.org\/fr\/?s={search_term_string}\"},\"query-input\":{\"@type\":\"PropertyValueSpecification\",\"valueRequired\":true,\"valueName\":\"search_term_string\"}}],\"inLanguage\":\"fr-FR\"},{\"@type\":\"Organization\",\"@id\":\"https:\/\/cultiverletre.org\/fr\/#organization\",\"name\":\"Cultiver l&#039;\u00eatre asbl\",\"url\":\"https:\/\/cultiverletre.org\/fr\/\",\"logo\":{\"@type\":\"ImageObject\",\"inLanguage\":\"fr-FR\",\"@id\":\"https:\/\/cultiverletre.org\/fr\/#\/schema\/logo\/image\/\",\"url\":\"https:\/\/cultiverletre.org\/fr\/wp-content\/uploads\/2025\/03\/cropped-LogoCE_2017_31x20mm.png\",\"contentUrl\":\"https:\/\/cultiverletre.org\/fr\/wp-content\/uploads\/2025\/03\/cropped-LogoCE_2017_31x20mm.png\",\"width\":181,\"height\":125,\"caption\":\"Cultiver l&#039;\u00eatre asbl\"},\"image\":{\"@id\":\"https:\/\/cultiverletre.org\/fr\/#\/schema\/logo\/image\/\"}}]}<\/script>\n<!-- \/ Yoast SEO plugin. -->","yoast_head_json":{"title":"Accueil - Cultiver l&#039;\u00eatre asbl","robots":{"index":"index","follow":"follow","max-snippet":"max-snippet:-1","max-image-preview":"max-image-preview:large","max-video-preview":"max-video-preview:-1"},"canonical":"https:\/\/cultiverletre.org\/fr\/","og_locale":"fr_FR","og_type":"article","og_title":"Accueil - Cultiver l&#039;\u00eatre asbl","og_description":"\u00a0 \u00a0 \u00a0 Nous avons une nouvelle adresse: contact@cultiverletre.orgL&rsquo;ancienne reste encore active pour le moment Chers membres, ch\u00e8res amies, chers [&hellip;]","og_url":"https:\/\/cultiverletre.org\/fr\/","og_site_name":"Cultiver l&#039;\u00eatre asbl","article_modified_time":"2026-04-09T23:00:48+00:00","twitter_card":"summary_large_image","twitter_misc":{"Dur\u00e9e de lecture estim\u00e9e":"4 minutes"},"schema":{"@context":"https:\/\/schema.org","@graph":[{"@type":"WebPage","@id":"https:\/\/cultiverletre.org\/fr\/","url":"https:\/\/cultiverletre.org\/fr\/","name":"Accueil - Cultiver l&#039;\u00eatre asbl","isPartOf":{"@id":"https:\/\/cultiverletre.org\/fr\/#website"},"datePublished":"2025-03-10T17:18:03+00:00","dateModified":"2026-04-09T23:00:48+00:00","breadcrumb":{"@id":"https:\/\/cultiverletre.org\/fr\/#breadcrumb"},"inLanguage":"fr-FR","potentialAction":[{"@type":"ReadAction","target":["https:\/\/cultiverletre.org\/fr\/"]}]},{"@type":"BreadcrumbList","@id":"https:\/\/cultiverletre.org\/fr\/#breadcrumb","itemListElement":[{"@type":"ListItem","position":1,"name":"Accueil","item":"https:\/\/cultiverletre.org\/fr\/"},{"@type":"ListItem","position":2,"name":"Accueil"}]},{"@type":"WebSite","@id":"https:\/\/cultiverletre.org\/fr\/#website","url":"https:\/\/cultiverletre.org\/fr\/","name":"Cultiver l&#039;\u00eatre asbl","description":"","publisher":{"@id":"https:\/\/cultiverletre.org\/fr\/#organization"},"potentialAction":[{"@type":"SearchAction","target":{"@type":"EntryPoint","urlTemplate":"https:\/\/cultiverletre.org\/fr\/?s={search_term_string}"},"query-input":{"@type":"PropertyValueSpecification","valueRequired":true,"valueName":"search_term_string"}}],"inLanguage":"fr-FR"},{"@type":"Organization","@id":"https:\/\/cultiverletre.org\/fr\/#organization","name":"Cultiver l&#039;\u00eatre asbl","url":"https:\/\/cultiverletre.org\/fr\/","logo":{"@type":"ImageObject","inLanguage":"fr-FR","@id":"https:\/\/cultiverletre.org\/fr\/#\/schema\/logo\/image\/","url":"https:\/\/cultiverletre.org\/fr\/wp-content\/uploads\/2025\/03\/cropped-LogoCE_2017_31x20mm.png","contentUrl":"https:\/\/cultiverletre.org\/fr\/wp-content\/uploads\/2025\/03\/cropped-LogoCE_2017_31x20mm.png","width":181,"height":125,"caption":"Cultiver l&#039;\u00eatre asbl"},"image":{"@id":"https:\/\/cultiverletre.org\/fr\/#\/schema\/logo\/image\/"}}]}},"_links":{"self":[{"href":"https:\/\/cultiverletre.org\/fr\/wp-json\/wp\/v2\/pages\/688","targetHints":{"allow":["GET"]}}],"collection":[{"href":"https:\/\/cultiverletre.org\/fr\/wp-json\/wp\/v2\/pages"}],"about":[{"href":"https:\/\/cultiverletre.org\/fr\/wp-json\/wp\/v2\/types\/page"}],"author":[{"embeddable":true,"href":"https:\/\/cultiverletre.org\/fr\/wp-json\/wp\/v2\/users\/1"}],"replies":[{"embeddable":true,"href":"https:\/\/cultiverletre.org\/fr\/wp-json\/wp\/v2\/comments?post=688"}],"version-history":[{"count":322,"href":"https:\/\/cultiverletre.org\/fr\/wp-json\/wp\/v2\/pages\/688\/revisions"}],"predecessor-version":[{"id":2473,"href":"https:\/\/cultiverletre.org\/fr\/wp-json\/wp\/v2\/pages\/688\/revisions\/2473"}],"wp:attachment":[{"href":"https:\/\/cultiverletre.org\/fr\/wp-json\/wp\/v2\/media?parent=688"}],"curies":[{"name":"wp","href":"https:\/\/api.w.org\/{rel}","templated":true}]}}