{"id":689,"date":"2025-03-10T18:18:03","date_gmt":"2025-03-10T17:18:03","guid":{"rendered":"https:\/\/cultiverletre.org\/fr\/about\/"},"modified":"2025-10-13T22:40:53","modified_gmt":"2025-10-13T20:40:53","slug":"qui-sommes-nous","status":"publish","type":"page","link":"https:\/\/cultiverletre.org\/fr\/qui-sommes-nous\/","title":{"rendered":"Qui sommes-nous ?"},"content":{"rendered":"\t\t<div data-elementor-type=\"wp-page\" data-elementor-id=\"689\" class=\"elementor elementor-689\">\n\t\t\t\t<div class=\"elementor-element elementor-element-684febd9 e-flex e-con-boxed e-con e-parent\" data-id=\"684febd9\" data-element_type=\"container\">\n\t\t\t\t\t<div class=\"e-con-inner\">\n\t\t<div class=\"elementor-element elementor-element-19f8e2e9 e-con-full e-flex e-con e-child\" data-id=\"19f8e2e9\" data-element_type=\"container\">\n\t\t\t\t<div class=\"elementor-element elementor-element-606853b7 elementor-widget elementor-widget-image\" data-id=\"606853b7\" data-element_type=\"widget\" data-widget_type=\"image.default\">\n\t\t\t\t<div class=\"elementor-widget-container\">\n\t\t\t\t\t\t\t\t\t\t\t\t\t\t\t<img decoding=\"async\" src=\"https:\/\/cultiverletre.org\/fr\/wp-content\/uploads\/elementor\/thumbs\/P1030024pt-r5ivssxj0eprgg3viq3ckiylms1pudhhbb01ejuc2o.jpg\" title=\"P1030024pt\" alt=\"P1030024pt\" loading=\"lazy\" \/>\t\t\t\t\t\t\t\t\t\t\t\t\t\t\t<\/div>\n\t\t\t\t<\/div>\n\t\t\t\t<\/div>\n\t\t<div class=\"elementor-element elementor-element-2a7d24c e-con-full e-flex e-con e-child\" data-id=\"2a7d24c\" data-element_type=\"container\">\n\t\t\t\t<div class=\"elementor-element elementor-element-387e403e elementor-widget elementor-widget-heading\" data-id=\"387e403e\" data-element_type=\"widget\" data-widget_type=\"heading.default\">\n\t\t\t\t<div class=\"elementor-widget-container\">\n\t\t\t\t\t<h2 class=\"elementor-heading-title elementor-size-default\">Paola Castellani\n\n<\/h2>\t\t\t\t<\/div>\n\t\t\t\t<\/div>\n\t\t\t\t<div class=\"elementor-element elementor-element-4fc1ac05 elementor-widget elementor-widget-heading\" data-id=\"4fc1ac05\" data-element_type=\"widget\" data-widget_type=\"heading.default\">\n\t\t\t\t<div class=\"elementor-widget-container\">\n\t\t\t\t\t<h5 class=\"elementor-heading-title elementor-size-default\">Bureau, pr\u00e9sidente<\/h5>\t\t\t\t<\/div>\n\t\t\t\t<\/div>\n\t\t\t\t<div class=\"elementor-element elementor-element-5602ab48 elementor-widget elementor-widget-text-editor\" data-id=\"5602ab48\" data-element_type=\"widget\" data-widget_type=\"text-editor.default\">\n\t\t\t\t<div class=\"elementor-widget-container\">\n\t\t\t\t\t\t\t\t\t<p data-start=\"73\" data-end=\"261\">J\u2019ai v\u00e9cu en Belgique et en Italie avant de m\u2019installer au Luxembourg en 1991, o\u00f9 j&rsquo;ai travaill\u00e9 comme infographiste apr\u00e8s un dipl\u00f4me aux Beaux-Arts de Rome.<\/p><p data-start=\"263\" data-end=\"572\">Mon parcours personnel m\u2019a naturellement conduite vers le d\u00e9veloppement personnel et la naturopathie. Depuis plus de 25 ans, je m\u2019int\u00e9resse \u00e0 tout ce qui nourrit l\u2019\u00eatre \u2013 corps, c\u0153ur, esprit et sant\u00e9 \u2013 et j\u2019ai suivi d\u00e8s 2010 une formation de quatre ans \u00e0 l\u2019\u00c9cole de Naturopathie de Philippe Darg\u00e8re \u00e0 Paris.<\/p><p data-start=\"574\" data-end=\"678\">Anim\u00e9e par l\u2019envie de partager, je collabore activement \u00e0 l\u2019association <em data-start=\"646\" data-end=\"663\">Cultiver l\u2019\u00catre<\/em> depuis 2001.<\/p><p data-start=\"680\" data-end=\"769\">Je vous souhaite un cheminement riche de d\u00e9couvertes et de joies.<\/p>\t\t\t\t\t\t\t\t<\/div>\n\t\t\t\t<\/div>\n\t\t\t\t<\/div>\n\t\t\t\t\t<\/div>\n\t\t\t\t<\/div>\n\t\t<div class=\"elementor-element elementor-element-1e5ddc9d e-flex e-con-boxed e-con e-parent\" data-id=\"1e5ddc9d\" data-element_type=\"container\">\n\t\t\t\t\t<div class=\"e-con-inner\">\n\t\t<div class=\"elementor-element elementor-element-2232182a e-con-full e-flex e-con e-child\" data-id=\"2232182a\" data-element_type=\"container\">\n\t\t\t\t<div class=\"elementor-element elementor-element-4b82094e elementor-widget__width-initial elementor-widget elementor-widget-image\" data-id=\"4b82094e\" data-element_type=\"widget\" data-widget_type=\"image.default\">\n\t\t\t\t<div class=\"elementor-widget-container\">\n\t\t\t\t\t\t\t\t\t\t\t\t\t\t\t<img decoding=\"async\" src=\"https:\/\/cultiverletre.org\/fr\/wp-content\/uploads\/elementor\/thumbs\/Photo_Marie-Pascale-raodd25b8nlajaxyl3lmfvm6yj7s352tui2oqdujkw.jpg\" title=\"Photo_Marie-Pascale\" alt=\"Photo_Marie-Pascale\" loading=\"lazy\" \/>\t\t\t\t\t\t\t\t\t\t\t\t\t\t\t<\/div>\n\t\t\t\t<\/div>\n\t\t\t\t<\/div>\n\t\t<div class=\"elementor-element elementor-element-5212ef41 e-con-full e-flex e-con e-child\" data-id=\"5212ef41\" data-element_type=\"container\">\n\t\t\t\t<div class=\"elementor-element elementor-element-7ff1b37e elementor-widget elementor-widget-heading\" data-id=\"7ff1b37e\" data-element_type=\"widget\" data-widget_type=\"heading.default\">\n\t\t\t\t<div class=\"elementor-widget-container\">\n\t\t\t\t\t<h2 class=\"elementor-heading-title elementor-size-default\">Marie-Pascale D\u00e9sormi\u00e8re\n\n<\/h2>\t\t\t\t<\/div>\n\t\t\t\t<\/div>\n\t\t\t\t<div class=\"elementor-element elementor-element-5c704fc9 elementor-widget elementor-widget-heading\" data-id=\"5c704fc9\" data-element_type=\"widget\" data-widget_type=\"heading.default\">\n\t\t\t\t<div class=\"elementor-widget-container\">\n\t\t\t\t\t<h5 class=\"elementor-heading-title elementor-size-default\">Bureau, tr\u00e9sori\u00e8re<\/h5>\t\t\t\t<\/div>\n\t\t\t\t<\/div>\n\t\t\t\t<div class=\"elementor-element elementor-element-da8b9b elementor-widget elementor-widget-text-editor\" data-id=\"da8b9b\" data-element_type=\"widget\" data-widget_type=\"text-editor.default\">\n\t\t\t\t<div class=\"elementor-widget-container\">\n\t\t\t\t\t\t\t\t\t<p>Ancienne r\u00e9sidente du Luxembourg, j\u2019ai particip\u00e9 durant plusieurs ann\u00e9es aux conf\u00e9rences et ateliers, et j\u2019ai \u00e9galement eu le plaisir de si\u00e9ger au bureau de 2003 \u00e0 2015. <br \/>Depuis mon d\u00e9part \u00e0 la retraite en 2018, je retrouve Cultiver l\u2019\u00catre avec joie et m\u2019y engage d\u00e9sormais comme\u00a0tr\u00e9sori\u00e8re.<\/p>\t\t\t\t\t\t\t\t<\/div>\n\t\t\t\t<\/div>\n\t\t\t\t<\/div>\n\t\t\t\t\t<\/div>\n\t\t\t\t<\/div>\n\t\t<div class=\"elementor-element elementor-element-616a8f57 e-flex e-con-boxed e-con e-parent\" data-id=\"616a8f57\" data-element_type=\"container\">\n\t\t\t\t\t<div class=\"e-con-inner\">\n\t\t<div class=\"elementor-element elementor-element-40e565f e-con-full e-flex e-con e-child\" data-id=\"40e565f\" data-element_type=\"container\">\n\t\t\t\t<div class=\"elementor-element elementor-element-c1a6542 elementor-widget elementor-widget-image\" data-id=\"c1a6542\" data-element_type=\"widget\" data-widget_type=\"image.default\">\n\t\t\t\t<div class=\"elementor-widget-container\">\n\t\t\t\t\t\t\t\t\t\t\t\t\t\t\t<img decoding=\"async\" src=\"https:\/\/cultiverletre.org\/fr\/wp-content\/uploads\/elementor\/thumbs\/Photo_Jean_Calamandrei-r5ivimcgz0rxoiwczbmuk3gtyi8kgf25wwko8mxvhc.jpg\" title=\"Photo_Jean_Calamandrei\" alt=\"Photo_Jean_Calamandrei\" loading=\"lazy\" \/>\t\t\t\t\t\t\t\t\t\t\t\t\t\t\t<\/div>\n\t\t\t\t<\/div>\n\t\t\t\t<\/div>\n\t\t<div class=\"elementor-element elementor-element-1cca639a e-con-full e-flex e-con e-child\" data-id=\"1cca639a\" data-element_type=\"container\">\n\t\t\t\t<div class=\"elementor-element elementor-element-6eb3b7c elementor-widget elementor-widget-heading\" data-id=\"6eb3b7c\" data-element_type=\"widget\" data-widget_type=\"heading.default\">\n\t\t\t\t<div class=\"elementor-widget-container\">\n\t\t\t\t\t<h2 class=\"elementor-heading-title elementor-size-default\">Jean Calamandrei\n\n<\/h2>\t\t\t\t<\/div>\n\t\t\t\t<\/div>\n\t\t\t\t<div class=\"elementor-element elementor-element-8857601 elementor-widget elementor-widget-heading\" data-id=\"8857601\" data-element_type=\"widget\" data-widget_type=\"heading.default\">\n\t\t\t\t<div class=\"elementor-widget-container\">\n\t\t\t\t\t<h5 class=\"elementor-heading-title elementor-size-default\">Bureau, secr\u00e9taire<\/h5>\t\t\t\t<\/div>\n\t\t\t\t<\/div>\n\t\t\t\t<div class=\"elementor-element elementor-element-4219baa8 elementor-widget elementor-widget-text-editor\" data-id=\"4219baa8\" data-element_type=\"widget\" data-widget_type=\"text-editor.default\">\n\t\t\t\t<div class=\"elementor-widget-container\">\n\t\t\t\t\t\t\t\t\t<p>Certifi\u00e9 en RTT (r\u00e9flexologie th\u00e9rapie totale, se basant sur les concepts de la MTC (m\u00e9decine traditionnelle chinoise) et le drainage lymphatique de Vooder, je m\u2019att\u00e8le \u00e0 d\u00e9couvrir d\u2019autres outils sur le bien-\u00eatre afin de donner un nouvel \u00e9lan, une nouvelle direction \u00e0 mon chemin.<\/p><p>Dans la vie, soyez toujours curieux, explorez l\u2019inconnu car c\u2019est l\u00e0 que l\u2019aventure commence.<br \/>Dr\u00a0Seuss<\/p>\t\t\t\t\t\t\t\t<\/div>\n\t\t\t\t<\/div>\n\t\t\t\t<\/div>\n\t\t\t\t\t<\/div>\n\t\t\t\t<\/div>\n\t\t<div class=\"elementor-element elementor-element-34045d02 e-flex e-con-boxed e-con e-parent\" data-id=\"34045d02\" data-element_type=\"container\">\n\t\t\t\t\t<div class=\"e-con-inner\">\n\t\t<div class=\"elementor-element elementor-element-5dbb2507 e-con-full e-flex e-con e-child\" data-id=\"5dbb2507\" data-element_type=\"container\">\n\t\t\t\t<div class=\"elementor-element elementor-element-37d2591 elementor-widget elementor-widget-image\" data-id=\"37d2591\" data-element_type=\"widget\" data-widget_type=\"image.default\">\n\t\t\t\t<div class=\"elementor-widget-container\">\n\t\t\t\t\t\t\t\t\t\t\t\t\t\t\t<img decoding=\"async\" src=\"https:\/\/cultiverletre.org\/fr\/wp-content\/uploads\/elementor\/thumbs\/PhotoMimyOriginal_1-r5ivcwhteay51x7ddcnjw1evv4f6mpcy4lpc51f3c0.jpg\" title=\"PhotoMimyOriginal_1\" alt=\"PhotoMimyOriginal_1\" loading=\"lazy\" \/>\t\t\t\t\t\t\t\t\t\t\t\t\t\t\t<\/div>\n\t\t\t\t<\/div>\n\t\t\t\t<\/div>\n\t\t<div class=\"elementor-element elementor-element-5dbd0929 e-con-full e-flex e-con e-child\" data-id=\"5dbd0929\" data-element_type=\"container\">\n\t\t\t\t<div class=\"elementor-element elementor-element-3cebc151 elementor-widget elementor-widget-heading\" data-id=\"3cebc151\" data-element_type=\"widget\" data-widget_type=\"heading.default\">\n\t\t\t\t<div class=\"elementor-widget-container\">\n\t\t\t\t\t<h2 class=\"elementor-heading-title elementor-size-default\">Marie Leonard\n\n<\/h2>\t\t\t\t<\/div>\n\t\t\t\t<\/div>\n\t\t\t\t<div class=\"elementor-element elementor-element-33858d0d elementor-widget elementor-widget-heading\" data-id=\"33858d0d\" data-element_type=\"widget\" data-widget_type=\"heading.default\">\n\t\t\t\t<div class=\"elementor-widget-container\">\n\t\t\t\t\t<h5 class=\"elementor-heading-title elementor-size-default\">Bureau, membre honoraire<\/h5>\t\t\t\t<\/div>\n\t\t\t\t<\/div>\n\t\t\t\t<div class=\"elementor-element elementor-element-5583e73a elementor-widget elementor-widget-text-editor\" data-id=\"5583e73a\" data-element_type=\"widget\" data-widget_type=\"text-editor.default\">\n\t\t\t\t<div class=\"elementor-widget-container\">\n\t\t\t\t\t\t\t\t\t<p>Marie Leonard, fondatrice de l&rsquo;association est d\u00e9c\u00e9d\u00e9e le 3 juillet 2024. Elle reste pr\u00e9sidente honoraire.<\/p>\t\t\t\t\t\t\t\t<\/div>\n\t\t\t\t<\/div>\n\t\t\t\t<div class=\"elementor-element elementor-element-1cfcfd20 elementor-widget elementor-widget-heading\" data-id=\"1cfcfd20\" data-element_type=\"widget\" data-widget_type=\"heading.default\">\n\t\t\t\t<div class=\"elementor-widget-container\">\n\t\t\t\t\t<span class=\"elementor-heading-title elementor-size-default\">\"Mon voeu le plus cher est que \"Cultiver l\u2019\u00catre\" puisse contribuer \u00e0 b\u00e2tir un monde meilleur !\"<\/span>\t\t\t\t<\/div>\n\t\t\t\t<\/div>\n\t\t\t\t<\/div>\n\t\t\t\t\t<\/div>\n\t\t\t\t<\/div>\n\t\t\t\t<\/div>\n\t\t","protected":false},"excerpt":{"rendered":"<p>Paola Castellani Bureau, pr\u00e9sidente J\u2019ai v\u00e9cu en Belgique et en Italie avant de m\u2019installer au Luxembourg en 1991, o\u00f9 j&rsquo;ai [&hellip;]<\/p>\n","protected":false},"author":1,"featured_media":0,"parent":0,"menu_order":0,"comment_status":"closed","ping_status":"closed","template":"","meta":{"site-sidebar-layout":"no-sidebar","site-content-layout":"","ast-site-content-layout":"full-width-container","site-content-style":"default","site-sidebar-style":"default","ast-global-header-display":"","ast-banner-title-visibility":"","ast-main-header-display":"","ast-hfb-above-header-display":"","ast-hfb-below-header-display":"","ast-hfb-mobile-header-display":"","site-post-title":"disabled","ast-breadcrumbs-content":"","ast-featured-img":"disabled","footer-sml-layout":"","theme-transparent-header-meta":"","adv-header-id-meta":"","stick-header-meta":"","header-above-stick-meta":"","header-main-stick-meta":"","header-below-stick-meta":"","astra-migrate-meta-layouts":"default","ast-page-background-enabled":"default","ast-page-background-meta":{"desktop":{"background-color":"var(--ast-global-color-4)","background-image":"","background-repeat":"repeat","background-position":"center center","background-size":"auto","background-attachment":"scroll","background-type":"","background-media":"","overlay-type":"","overlay-color":"","overlay-opacity":"","overlay-gradient":""},"tablet":{"background-color":"","background-image":"","background-repeat":"repeat","background-position":"center center","background-size":"auto","background-attachment":"scroll","background-type":"","background-media":"","overlay-type":"","overlay-color":"","overlay-opacity":"","overlay-gradient":""},"mobile":{"background-color":"","background-image":"","background-repeat":"repeat","background-position":"center center","background-size":"auto","background-attachment":"scroll","background-type":"","background-media":"","overlay-type":"","overlay-color":"","overlay-opacity":"","overlay-gradient":""}},"ast-content-background-meta":{"desktop":{"background-color":"var(--ast-global-color-5)","background-image":"","background-repeat":"repeat","background-position":"center center","background-size":"auto","background-attachment":"scroll","background-type":"","background-media":"","overlay-type":"","overlay-color":"","overlay-opacity":"","overlay-gradient":""},"tablet":{"background-color":"var(--ast-global-color-5)","background-image":"","background-repeat":"repeat","background-position":"center center","background-size":"auto","background-attachment":"scroll","background-type":"","background-media":"","overlay-type":"","overlay-color":"","overlay-opacity":"","overlay-gradient":""},"mobile":{"background-color":"var(--ast-global-color-5)","background-image":"","background-repeat":"repeat","background-position":"center center","background-size":"auto","background-attachment":"scroll","background-type":"","background-media":"","overlay-type":"","overlay-color":"","overlay-opacity":"","overlay-gradient":""}},"footnotes":""},"class_list":["post-689","page","type-page","status-publish","hentry"],"yoast_head":"<!-- This site is optimized with the Yoast SEO plugin v26.0 - https:\/\/yoast.com\/wordpress\/plugins\/seo\/ -->\n<title>Qui sommes-nous ? - Cultiver l&#039;\u00eatre asbl<\/title>\n<meta name=\"robots\" content=\"index, follow, max-snippet:-1, max-image-preview:large, max-video-preview:-1\" \/>\n<link rel=\"canonical\" href=\"https:\/\/cultiverletre.org\/fr\/qui-sommes-nous\/\" \/>\n<meta property=\"og:locale\" content=\"fr_FR\" \/>\n<meta property=\"og:type\" content=\"article\" \/>\n<meta property=\"og:title\" content=\"Qui sommes-nous ? - Cultiver l&#039;\u00eatre asbl\" \/>\n<meta property=\"og:description\" content=\"Paola Castellani Bureau, pr\u00e9sidente J\u2019ai v\u00e9cu en Belgique et en Italie avant de m\u2019installer au Luxembourg en 1991, o\u00f9 j&rsquo;ai [&hellip;]\" \/>\n<meta property=\"og:url\" content=\"https:\/\/cultiverletre.org\/fr\/qui-sommes-nous\/\" \/>\n<meta property=\"og:site_name\" content=\"Cultiver l&#039;\u00eatre asbl\" \/>\n<meta property=\"article:modified_time\" content=\"2025-10-13T20:40:53+00:00\" \/>\n<meta property=\"og:image\" content=\"https:\/\/cultiverletre.org\/fr\/wp-content\/uploads\/elementor\/thumbs\/P1030024pt-r5ivssxj0eprgg3viq3ckiylms1pudhhbb01ejuc2o.jpg\" \/>\n<meta name=\"twitter:card\" content=\"summary_large_image\" \/>\n<meta name=\"twitter:label1\" content=\"Dur\u00e9e de lecture estim\u00e9e\" \/>\n\t<meta name=\"twitter:data1\" content=\"3 minutes\" \/>\n<script type=\"application\/ld+json\" class=\"yoast-schema-graph\">{\"@context\":\"https:\/\/schema.org\",\"@graph\":[{\"@type\":\"WebPage\",\"@id\":\"https:\/\/cultiverletre.org\/fr\/qui-sommes-nous\/\",\"url\":\"https:\/\/cultiverletre.org\/fr\/qui-sommes-nous\/\",\"name\":\"Qui sommes-nous ? - Cultiver l&#039;\u00eatre asbl\",\"isPartOf\":{\"@id\":\"https:\/\/cultiverletre.org\/fr\/#website\"},\"primaryImageOfPage\":{\"@id\":\"https:\/\/cultiverletre.org\/fr\/qui-sommes-nous\/#primaryimage\"},\"image\":{\"@id\":\"https:\/\/cultiverletre.org\/fr\/qui-sommes-nous\/#primaryimage\"},\"thumbnailUrl\":\"https:\/\/cultiverletre.org\/fr\/wp-content\/uploads\/elementor\/thumbs\/P1030024pt-r5ivssxj0eprgg3viq3ckiylms1pudhhbb01ejuc2o.jpg\",\"datePublished\":\"2025-03-10T17:18:03+00:00\",\"dateModified\":\"2025-10-13T20:40:53+00:00\",\"breadcrumb\":{\"@id\":\"https:\/\/cultiverletre.org\/fr\/qui-sommes-nous\/#breadcrumb\"},\"inLanguage\":\"fr-FR\",\"potentialAction\":[{\"@type\":\"ReadAction\",\"target\":[\"https:\/\/cultiverletre.org\/fr\/qui-sommes-nous\/\"]}]},{\"@type\":\"ImageObject\",\"inLanguage\":\"fr-FR\",\"@id\":\"https:\/\/cultiverletre.org\/fr\/qui-sommes-nous\/#primaryimage\",\"url\":\"https:\/\/cultiverletre.org\/fr\/wp-content\/uploads\/elementor\/thumbs\/P1030024pt-r5ivssxj0eprgg3viq3ckiylms1pudhhbb01ejuc2o.jpg\",\"contentUrl\":\"https:\/\/cultiverletre.org\/fr\/wp-content\/uploads\/elementor\/thumbs\/P1030024pt-r5ivssxj0eprgg3viq3ckiylms1pudhhbb01ejuc2o.jpg\"},{\"@type\":\"BreadcrumbList\",\"@id\":\"https:\/\/cultiverletre.org\/fr\/qui-sommes-nous\/#breadcrumb\",\"itemListElement\":[{\"@type\":\"ListItem\",\"position\":1,\"name\":\"Accueil\",\"item\":\"https:\/\/cultiverletre.org\/fr\/\"},{\"@type\":\"ListItem\",\"position\":2,\"name\":\"Qui sommes-nous ?\"}]},{\"@type\":\"WebSite\",\"@id\":\"https:\/\/cultiverletre.org\/fr\/#website\",\"url\":\"https:\/\/cultiverletre.org\/fr\/\",\"name\":\"Cultiver l&#039;\u00eatre asbl\",\"description\":\"\",\"publisher\":{\"@id\":\"https:\/\/cultiverletre.org\/fr\/#organization\"},\"potentialAction\":[{\"@type\":\"SearchAction\",\"target\":{\"@type\":\"EntryPoint\",\"urlTemplate\":\"https:\/\/cultiverletre.org\/fr\/?s={search_term_string}\"},\"query-input\":{\"@type\":\"PropertyValueSpecification\",\"valueRequired\":true,\"valueName\":\"search_term_string\"}}],\"inLanguage\":\"fr-FR\"},{\"@type\":\"Organization\",\"@id\":\"https:\/\/cultiverletre.org\/fr\/#organization\",\"name\":\"Cultiver l&#039;\u00eatre asbl\",\"url\":\"https:\/\/cultiverletre.org\/fr\/\",\"logo\":{\"@type\":\"ImageObject\",\"inLanguage\":\"fr-FR\",\"@id\":\"https:\/\/cultiverletre.org\/fr\/#\/schema\/logo\/image\/\",\"url\":\"https:\/\/cultiverletre.org\/fr\/wp-content\/uploads\/2025\/03\/cropped-LogoCE_2017_31x20mm.png\",\"contentUrl\":\"https:\/\/cultiverletre.org\/fr\/wp-content\/uploads\/2025\/03\/cropped-LogoCE_2017_31x20mm.png\",\"width\":181,\"height\":125,\"caption\":\"Cultiver l&#039;\u00eatre asbl\"},\"image\":{\"@id\":\"https:\/\/cultiverletre.org\/fr\/#\/schema\/logo\/image\/\"}}]}<\/script>\n<!-- \/ Yoast SEO plugin. -->","yoast_head_json":{"title":"Qui sommes-nous ? - Cultiver l&#039;\u00eatre asbl","robots":{"index":"index","follow":"follow","max-snippet":"max-snippet:-1","max-image-preview":"max-image-preview:large","max-video-preview":"max-video-preview:-1"},"canonical":"https:\/\/cultiverletre.org\/fr\/qui-sommes-nous\/","og_locale":"fr_FR","og_type":"article","og_title":"Qui sommes-nous ? - Cultiver l&#039;\u00eatre asbl","og_description":"Paola Castellani Bureau, pr\u00e9sidente J\u2019ai v\u00e9cu en Belgique et en Italie avant de m\u2019installer au Luxembourg en 1991, o\u00f9 j&rsquo;ai [&hellip;]","og_url":"https:\/\/cultiverletre.org\/fr\/qui-sommes-nous\/","og_site_name":"Cultiver l&#039;\u00eatre asbl","article_modified_time":"2025-10-13T20:40:53+00:00","og_image":[{"url":"https:\/\/cultiverletre.org\/fr\/wp-content\/uploads\/elementor\/thumbs\/P1030024pt-r5ivssxj0eprgg3viq3ckiylms1pudhhbb01ejuc2o.jpg","type":"","width":"","height":""}],"twitter_card":"summary_large_image","twitter_misc":{"Dur\u00e9e de lecture estim\u00e9e":"3 minutes"},"schema":{"@context":"https:\/\/schema.org","@graph":[{"@type":"WebPage","@id":"https:\/\/cultiverletre.org\/fr\/qui-sommes-nous\/","url":"https:\/\/cultiverletre.org\/fr\/qui-sommes-nous\/","name":"Qui sommes-nous ? - Cultiver l&#039;\u00eatre asbl","isPartOf":{"@id":"https:\/\/cultiverletre.org\/fr\/#website"},"primaryImageOfPage":{"@id":"https:\/\/cultiverletre.org\/fr\/qui-sommes-nous\/#primaryimage"},"image":{"@id":"https:\/\/cultiverletre.org\/fr\/qui-sommes-nous\/#primaryimage"},"thumbnailUrl":"https:\/\/cultiverletre.org\/fr\/wp-content\/uploads\/elementor\/thumbs\/P1030024pt-r5ivssxj0eprgg3viq3ckiylms1pudhhbb01ejuc2o.jpg","datePublished":"2025-03-10T17:18:03+00:00","dateModified":"2025-10-13T20:40:53+00:00","breadcrumb":{"@id":"https:\/\/cultiverletre.org\/fr\/qui-sommes-nous\/#breadcrumb"},"inLanguage":"fr-FR","potentialAction":[{"@type":"ReadAction","target":["https:\/\/cultiverletre.org\/fr\/qui-sommes-nous\/"]}]},{"@type":"ImageObject","inLanguage":"fr-FR","@id":"https:\/\/cultiverletre.org\/fr\/qui-sommes-nous\/#primaryimage","url":"https:\/\/cultiverletre.org\/fr\/wp-content\/uploads\/elementor\/thumbs\/P1030024pt-r5ivssxj0eprgg3viq3ckiylms1pudhhbb01ejuc2o.jpg","contentUrl":"https:\/\/cultiverletre.org\/fr\/wp-content\/uploads\/elementor\/thumbs\/P1030024pt-r5ivssxj0eprgg3viq3ckiylms1pudhhbb01ejuc2o.jpg"},{"@type":"BreadcrumbList","@id":"https:\/\/cultiverletre.org\/fr\/qui-sommes-nous\/#breadcrumb","itemListElement":[{"@type":"ListItem","position":1,"name":"Accueil","item":"https:\/\/cultiverletre.org\/fr\/"},{"@type":"ListItem","position":2,"name":"Qui sommes-nous ?"}]},{"@type":"WebSite","@id":"https:\/\/cultiverletre.org\/fr\/#website","url":"https:\/\/cultiverletre.org\/fr\/","name":"Cultiver l&#039;\u00eatre asbl","description":"","publisher":{"@id":"https:\/\/cultiverletre.org\/fr\/#organization"},"potentialAction":[{"@type":"SearchAction","target":{"@type":"EntryPoint","urlTemplate":"https:\/\/cultiverletre.org\/fr\/?s={search_term_string}"},"query-input":{"@type":"PropertyValueSpecification","valueRequired":true,"valueName":"search_term_string"}}],"inLanguage":"fr-FR"},{"@type":"Organization","@id":"https:\/\/cultiverletre.org\/fr\/#organization","name":"Cultiver l&#039;\u00eatre asbl","url":"https:\/\/cultiverletre.org\/fr\/","logo":{"@type":"ImageObject","inLanguage":"fr-FR","@id":"https:\/\/cultiverletre.org\/fr\/#\/schema\/logo\/image\/","url":"https:\/\/cultiverletre.org\/fr\/wp-content\/uploads\/2025\/03\/cropped-LogoCE_2017_31x20mm.png","contentUrl":"https:\/\/cultiverletre.org\/fr\/wp-content\/uploads\/2025\/03\/cropped-LogoCE_2017_31x20mm.png","width":181,"height":125,"caption":"Cultiver l&#039;\u00eatre asbl"},"image":{"@id":"https:\/\/cultiverletre.org\/fr\/#\/schema\/logo\/image\/"}}]}},"_links":{"self":[{"href":"https:\/\/cultiverletre.org\/fr\/wp-json\/wp\/v2\/pages\/689","targetHints":{"allow":["GET"]}}],"collection":[{"href":"https:\/\/cultiverletre.org\/fr\/wp-json\/wp\/v2\/pages"}],"about":[{"href":"https:\/\/cultiverletre.org\/fr\/wp-json\/wp\/v2\/types\/page"}],"author":[{"embeddable":true,"href":"https:\/\/cultiverletre.org\/fr\/wp-json\/wp\/v2\/users\/1"}],"replies":[{"embeddable":true,"href":"https:\/\/cultiverletre.org\/fr\/wp-json\/wp\/v2\/comments?post=689"}],"version-history":[{"count":108,"href":"https:\/\/cultiverletre.org\/fr\/wp-json\/wp\/v2\/pages\/689\/revisions"}],"predecessor-version":[{"id":1876,"href":"https:\/\/cultiverletre.org\/fr\/wp-json\/wp\/v2\/pages\/689\/revisions\/1876"}],"wp:attachment":[{"href":"https:\/\/cultiverletre.org\/fr\/wp-json\/wp\/v2\/media?parent=689"}],"curies":[{"name":"wp","href":"https:\/\/api.w.org\/{rel}","templated":true}]}}